{"id":636,"date":"2025-07-08T13:40:18","date_gmt":"2025-07-08T13:40:18","guid":{"rendered":"https:\/\/www.wheelie-bikeadventures.com\/team-building\/"},"modified":"2025-07-13T12:20:51","modified_gmt":"2025-07-13T12:20:51","slug":"team-building","status":"publish","type":"page","link":"https:\/\/www.wheelie-bikeadventures.com\/sl\/team-building\/","title":{"rendered":"Team building"},"content":{"rendered":"<p>[et_pb_section fb_built=&#8221;1&#8243; _builder_version=&#8221;4.27.4&#8243; _module_preset=&#8221;default&#8221; background_color=&#8221;#FCE5D5&#8243; custom_padding=&#8221;115px||38px||false|false&#8221; locked=&#8221;off&#8221; global_colors_info=&#8221;{}&#8221; disabled_on=&#8221;on|on|off&#8221;][et_pb_row column_structure=&#8221;1_2,1_2&#8243; _builder_version=&#8221;4.27.4&#8243; _module_preset=&#8221;default&#8221; global_colors_info=&#8221;{}&#8221;][et_pb_column type=&#8221;1_2&#8243; _builder_version=&#8221;4.27.4&#8243; _module_preset=&#8221;default&#8221; global_colors_info=&#8221;{}&#8221;][et_pb_text _builder_version=&#8221;4.27.4&#8243; _module_preset=&#8221;default&#8221; text_font=&#8221;||||||||&#8221; text_text_color=&#8221;#C2263A&#8221; text_font_size=&#8221;17px&#8221; global_colors_info=&#8221;{}&#8221;]<\/p>\n<h1>Skupaj na poti do mo\u010dnej\u0161e ekipe.<\/h1>\n<p>Bi radi svojo ekipo napolnili z novo energijo na nepozaben na\u010din? Na\u0161e team building vo\u017enje so zasnovane tako, da povezujejo ljudi skozi naravo, gibanje in skupno do\u017eivetje. Ne glede na to, ali ste podjetje, organizacija ali le skupina zagnanih sodelavcev, pomagali vam bomo ustvariti popolno do\u017eivetje v naravi.<\/p>\n<h4><b>Poskrbimo za vse:<\/b><\/h4>\n<ul>\n<li>Vrhunska e-kolesa in za\u0161\u010ditna oprema<\/li>\n<li>Strokovno vodenje<\/li>\n<li>Organizacija dogodka<\/li>\n<li>Pristna lokalna kulinari\u010dna do\u017eivetja<\/li>\n<\/ul>\n<p>Od mirnih vo\u017eenj do bolj aktivnih poti \u2013 skupaj bomo dan oblikovali tako, da bo ustrezal tempu in \u017eeljam va\u0161e skupine, da bo vsak u\u017eival, se po\u010dutil varno in od\u0161el z nasmehom.<\/p>\n<p><b>Kontaktirajte nas in skupaj na\u010drtujmo va\u0161 popoln dan za va\u0161o ekipo.<\/b><\/p>\n<p>[\/et_pb_text][et_pb_text _builder_version=&#8221;4.27.4&#8243; _module_preset=&#8221;default&#8221; text_font=&#8221;||||||||&#8221; text_text_color=&#8221;#C2263A&#8221; text_font_size=&#8221;17px&#8221; header_font=&#8221;&#8211;et_global_body_font||||||||&#8221; header_font_size=&#8221;36px&#8221; header_2_font=&#8221;&#8211;et_global_body_font|800|||||||&#8221; header_2_font_size=&#8221;34px&#8221; locked=&#8221;off&#8221; global_colors_info=&#8221;{}&#8221;]<\/p>\n<h4>Cenik<\/h4>\n<p><strong><\/strong><\/p>\n<p>Vse ture vklju\u010dujejo strokovnega lokalnega vodnika, e-kolo, \u010delado in osnovno opremo.<\/p>\n<p><strong>Team building<\/strong> (trajanje: pol dneva ali celodnevno): <strong>od 85 \u20ac\/dan<\/strong><\/p>\n<p><strong>Potrebujete pomo\u010d pri izbiri prave ture?<\/strong><br \/><strong>Kontaktirajte nas<\/strong>, z veseljem vam pomagamo na\u010drtovati popolno kolesarsko do\u017eivetje!<\/p>\n<p>[\/et_pb_text][et_pb_button button_url=&#8221;@ET-DC@eyJkeW5hbWljIjp0cnVlLCJjb250ZW50IjoicG9zdF9saW5rX3VybF9wYWdlIiwic2V0dGluZ3MiOnsicG9zdF9pZCI6IjY3MCIsImVuYWJsZV9odG1sIjoib2ZmIn19@&#8221; button_text=&#8221;Kontaktirajte nas za ve\u010d informacij&#8221; _builder_version=&#8221;4.27.4&#8243; _module_preset=&#8221;default&#8221; custom_button=&#8221;on&#8221; button_text_size=&#8221;18px&#8221; button_text_color=&#8221;#FCE5D5&#8243; button_bg_color=&#8221;#C2263A&#8221; button_border_width=&#8221;0px&#8221; button_border_radius=&#8221;20px&#8221; custom_margin=&#8221;71px|||||&#8221; hover_enabled=&#8221;0&#8243; locked=&#8221;off&#8221; global_colors_info=&#8221;{}&#8221; _dynamic_attributes=&#8221;button_url&#8221; sticky_enabled=&#8221;0&#8243;][\/et_pb_button][\/et_pb_column][et_pb_column type=&#8221;1_2&#8243; _builder_version=&#8221;4.27.4&#8243; _module_preset=&#8221;default&#8221; global_colors_info=&#8221;{}&#8221;][et_pb_image src=&#8221;https:\/\/www.wheelie-bikeadventures.com\/wp-content\/uploads\/2025\/07\/WheelieBikeAdventures_-62.jpg&#8221; title_text=&#8221;WheelieBikeAdventures_-62&#8243; _builder_version=&#8221;4.27.4&#8243; _module_preset=&#8221;default&#8221; global_colors_info=&#8221;{}&#8221;][\/et_pb_image][et_pb_image src=&#8221;https:\/\/www.wheelie-bikeadventures.com\/wp-content\/uploads\/2025\/07\/wheeliebikeadventures_teamBuilding2.jpg&#8221; title_text=&#8221;wheeliebikeadventures_teamBuilding2&#8243; _builder_version=&#8221;4.27.4&#8243; _module_preset=&#8221;default&#8221; global_colors_info=&#8221;{}&#8221;][\/et_pb_image][\/et_pb_column][\/et_pb_row][\/et_pb_section][et_pb_section fb_built=&#8221;1&#8243; _builder_version=&#8221;4.27.4&#8243; _module_preset=&#8221;default&#8221; background_color=&#8221;#FCE5D5&#8243; hover_enabled=&#8221;0&#8243; global_colors_info=&#8221;{}&#8221; disabled_on=&#8221;off|off|on&#8221; sticky_enabled=&#8221;0&#8243; custom_padding=&#8221;10px||7px||false|false&#8221; locked=&#8221;off&#8221;][et_pb_row _builder_version=&#8221;4.27.4&#8243; _module_preset=&#8221;default&#8221; global_colors_info=&#8221;{}&#8221; custom_padding=&#8221;||6px|||&#8221;][et_pb_column type=&#8221;4_4&#8243; _builder_version=&#8221;4.27.4&#8243; _module_preset=&#8221;default&#8221; global_colors_info=&#8221;{}&#8221;][et_pb_text _builder_version=&#8221;4.27.4&#8243; _module_preset=&#8221;default&#8221; text_font=&#8221;|600|||||||&#8221; text_text_color=&#8221;#C2263A&#8221; text_font_size=&#8221;17px&#8221; header_text_color=&#8221;#C2263A&#8221; hover_enabled=&#8221;0&#8243; global_colors_info=&#8221;{}&#8221; sticky_enabled=&#8221;0&#8243;]<\/p>\n<h1>Team building<\/h1>\n<p><b>Skupaj na poti do mo\u010dnej\u0161e ekipe.<\/b><\/p>\n<p>Bi radi svojo ekipo napolnili z novo energijo na nepozaben na\u010din? Na\u0161e team building ture povezujejo ljudi skozi naravo, gibanje in skupno do\u017eivetje. Ste podjetje, organizacija ali zagnana skupina sodelavcev? Pomagamo vam ustvariti popolno do\u017eivetje v naravi.[\/et_pb_text][\/et_pb_column][\/et_pb_row][\/et_pb_section][et_pb_section fb_built=&#8221;1&#8243; _builder_version=&#8221;4.27.4&#8243; _module_preset=&#8221;default&#8221; custom_margin=&#8221;23px||0px||false|false&#8221; custom_padding=&#8221;0px||0px||false|false&#8221; global_colors_info=&#8221;{}&#8221; disabled_on=&#8221;off|off|on&#8221; locked=&#8221;off&#8221;][et_pb_row use_custom_gutter=&#8221;on&#8221; gutter_width=&#8221;1&#8243; _builder_version=&#8221;4.27.4&#8243; _module_preset=&#8221;default&#8221; width=&#8221;100%&#8221; max_width=&#8221;100%&#8221; custom_margin=&#8221;0px||0px||false|false&#8221; custom_padding=&#8221;0px||0px||false|false&#8221; global_colors_info=&#8221;{}&#8221;][et_pb_column type=&#8221;4_4&#8243; _builder_version=&#8221;4.27.4&#8243; _module_preset=&#8221;default&#8221; global_colors_info=&#8221;{}&#8221;][et_pb_image src=&#8221;https:\/\/www.wheelie-bikeadventures.com\/wp-content\/uploads\/2025\/07\/WheelieBikeAdventures_-62.jpg&#8221; title_text=&#8221;WheelieBikeAdventures_-62&#8243; _builder_version=&#8221;4.27.4&#8243; _module_preset=&#8221;default&#8221; hover_enabled=&#8221;0&#8243; global_colors_info=&#8221;{}&#8221; sticky_enabled=&#8221;0&#8243;][\/et_pb_image][\/et_pb_column][\/et_pb_row][\/et_pb_section][et_pb_section fb_built=&#8221;1&#8243; _builder_version=&#8221;4.27.4&#8243; _module_preset=&#8221;default&#8221; background_color=&#8221;#FCE5D5&#8243; hover_enabled=&#8221;0&#8243; global_colors_info=&#8221;{}&#8221; disabled_on=&#8221;off|off|on&#8221; sticky_enabled=&#8221;0&#8243; custom_padding=&#8221;10px||7px||false|false&#8221; locked=&#8221;off&#8221;][et_pb_row _builder_version=&#8221;4.27.4&#8243; _module_preset=&#8221;default&#8221; global_colors_info=&#8221;{}&#8221; custom_padding=&#8221;||6px|||&#8221;][et_pb_column type=&#8221;4_4&#8243; _builder_version=&#8221;4.27.4&#8243; _module_preset=&#8221;default&#8221; global_colors_info=&#8221;{}&#8221;][et_pb_text _builder_version=&#8221;4.27.4&#8243; _module_preset=&#8221;default&#8221; text_font=&#8221;|600|||||||&#8221; text_text_color=&#8221;#C2263A&#8221; text_font_size=&#8221;17px&#8221; header_text_color=&#8221;#C2263A&#8221; hover_enabled=&#8221;0&#8243; global_colors_info=&#8221;{}&#8221; sticky_enabled=&#8221;0&#8243;]<\/p>\n<h3>Poskrbimo za vse:<\/h3>\n<ul>\n<li>Vrhunska e-kolesa in za\u0161\u010ditna oprema<\/li>\n<li>Strokovno vodenje<\/li>\n<li>Organizacija dogodka<\/li>\n<li>Pristna lokalna kulinari\u010dna do\u017eivetja<\/li>\n<\/ul>\n<p>Od spro\u0161\u010denih vo\u017eenj do bolj dinami\u010dnih poti, dan prilagodimo potrebam in pripravljenosti va\u0161e skupine, da se vsak po\u010duti varno, u\u017eiva in odide z nasmehom.<br \/>\nPi\u0161ite nam in skupaj na\u010drtujmo popoln dan za va\u0161o ekipo.<\/p>\n<h3>Cenik<\/h3>\n<p>Vklju\u010duje strokovnega vodnika, e-kolo, \u010delado in osnovno opremo.<br \/>\nTeam building (pol ali celodnevni program): <b>od 85 \u20ac\/day<\/b><\/p>\n<p>Potrebujete pomo\u010d pri izbiri? [\/et_pb_text][et_pb_button button_url=&#8221;@ET-DC@eyJkeW5hbWljIjp0cnVlLCJjb250ZW50IjoicG9zdF9saW5rX3VybF9wYWdlIiwic2V0dGluZ3MiOnsicG9zdF9pZCI6IjY3MCIsImVuYWJsZV9odG1sIjoib2ZmIn19@&#8221; button_text=&#8221;Kontaktirajte nas. &#8221; _builder_version=&#8221;4.27.4&#8243; _module_preset=&#8221;default&#8221; custom_button=&#8221;on&#8221; button_text_size=&#8221;18px&#8221; button_text_color=&#8221;#FCE5D5&#8243; button_bg_color=&#8221;#C2263A&#8221; button_border_width=&#8221;0px&#8221; button_border_radius=&#8221;20px&#8221; custom_margin=&#8221;6px|||||&#8221; hover_enabled=&#8221;0&#8243; global_colors_info=&#8221;{}&#8221; _dynamic_attributes=&#8221;button_url&#8221; sticky_enabled=&#8221;0&#8243;][\/et_pb_button][et_pb_text _builder_version=&#8221;4.27.4&#8243; _module_preset=&#8221;default&#8221; text_font=&#8221;|600|||||||&#8221; text_text_color=&#8221;#C2263A&#8221; text_font_size=&#8221;17px&#8221; header_text_color=&#8221;#C2263A&#8221; hover_enabled=&#8221;0&#8243; global_colors_info=&#8221;{}&#8221; sticky_enabled=&#8221;0&#8243;]Skupaj bomo na\u010drtovali popolno turo![\/et_pb_text][\/et_pb_column][\/et_pb_row][\/et_pb_section][et_pb_section fb_built=&#8221;1&#8243; _builder_version=&#8221;4.27.4&#8243; _module_preset=&#8221;default&#8221; custom_margin=&#8221;0px||0px||false|false&#8221; custom_padding=&#8221;0px||0px||false|false&#8221; global_colors_info=&#8221;{}&#8221; disabled_on=&#8221;off|off|on&#8221; locked=&#8221;off&#8221;][et_pb_row use_custom_gutter=&#8221;on&#8221; gutter_width=&#8221;1&#8243; _builder_version=&#8221;4.27.4&#8243; _module_preset=&#8221;default&#8221; width=&#8221;100%&#8221; max_width=&#8221;100%&#8221; custom_margin=&#8221;0px||0px||false|false&#8221; custom_padding=&#8221;0px||0px||false|false&#8221; global_colors_info=&#8221;{}&#8221;][et_pb_column type=&#8221;4_4&#8243; _builder_version=&#8221;4.27.4&#8243; _module_preset=&#8221;default&#8221; global_colors_info=&#8221;{}&#8221;][et_pb_image src=&#8221;https:\/\/www.wheelie-bikeadventures.com\/wp-content\/uploads\/2025\/07\/wheeliebikeadventures_teamBuilding2.jpg&#8221; title_text=&#8221;wheeliebikeadventures_teamBuilding2&#8243; _builder_version=&#8221;4.27.4&#8243; _module_preset=&#8221;default&#8221; hover_enabled=&#8221;0&#8243; global_colors_info=&#8221;{}&#8221; sticky_enabled=&#8221;0&#8243;][\/et_pb_image][\/et_pb_column][\/et_pb_row][\/et_pb_section]<\/p>\n","protected":false},"excerpt":{"rendered":"<p>Skupaj na poti do mo\u010dnej\u0161e ekipe. Bi radi svojo ekipo napolnili z novo energijo na nepozaben na\u010din? Na\u0161e team building vo\u017enje so zasnovane tako, da povezujejo ljudi skozi naravo, gibanje in skupno do\u017eivetje. Ne glede na to, ali ste podjetje, organizacija ali le skupina zagnanih sodelavcev, pomagali vam bomo ustvariti popolno do\u017eivetje v naravi. Poskrbimo [&hellip;]<\/p>\n","protected":false},"author":2,"featured_media":0,"parent":0,"menu_order":0,"comment_status":"closed","ping_status":"closed","template":"","meta":{"_et_pb_use_builder":"on","_et_pb_old_content":"","_et_gb_content_width":"","footnotes":""},"class_list":["post-636","page","type-page","status-publish","hentry"],"yoast_head":"<!-- This site is optimized with the Yoast SEO plugin v25.6 - https:\/\/yoast.com\/wordpress\/plugins\/seo\/ -->\n<title>Team building - Wheelie bike adventures<\/title>\n<meta name=\"robots\" content=\"index, follow, max-snippet:-1, max-image-preview:large, max-video-preview:-1\" \/>\n<link rel=\"canonical\" href=\"https:\/\/www.wheelie-bikeadventures.com\/sl\/team-building\/\" \/>\n<meta property=\"og:locale\" content=\"sl_SI\" \/>\n<meta property=\"og:type\" content=\"article\" \/>\n<meta property=\"og:title\" content=\"Team building - Wheelie bike adventures\" \/>\n<meta property=\"og:description\" content=\"Skupaj na poti do mo\u010dnej\u0161e ekipe. Bi radi svojo ekipo napolnili z novo energijo na nepozaben na\u010din? Na\u0161e team building vo\u017enje so zasnovane tako, da povezujejo ljudi skozi naravo, gibanje in skupno do\u017eivetje. Ne glede na to, ali ste podjetje, organizacija ali le skupina zagnanih sodelavcev, pomagali vam bomo ustvariti popolno do\u017eivetje v naravi. Poskrbimo [&hellip;]\" \/>\n<meta property=\"og:url\" content=\"https:\/\/www.wheelie-bikeadventures.com\/sl\/team-building\/\" \/>\n<meta property=\"og:site_name\" content=\"Wheelie bike adventures\" \/>\n<meta property=\"article:publisher\" content=\"https:\/\/www.facebook.com\/profile.php?id=61573294106154\" \/>\n<meta property=\"article:modified_time\" content=\"2025-07-13T12:20:51+00:00\" \/>\n<meta name=\"twitter:card\" content=\"summary_large_image\" \/>\n<meta name=\"twitter:label1\" content=\"Est. reading time\" \/>\n\t<meta name=\"twitter:data1\" content=\"6 minut\" \/>\n<script type=\"application\/ld+json\" class=\"yoast-schema-graph\">{\"@context\":\"https:\/\/schema.org\",\"@graph\":[{\"@type\":\"WebPage\",\"@id\":\"https:\/\/www.wheelie-bikeadventures.com\/sl\/team-building\/\",\"url\":\"https:\/\/www.wheelie-bikeadventures.com\/sl\/team-building\/\",\"name\":\"Team building - Wheelie bike adventures\",\"isPartOf\":{\"@id\":\"https:\/\/www.wheelie-bikeadventures.com\/sl\/#website\"},\"datePublished\":\"2025-07-08T13:40:18+00:00\",\"dateModified\":\"2025-07-13T12:20:51+00:00\",\"breadcrumb\":{\"@id\":\"https:\/\/www.wheelie-bikeadventures.com\/sl\/team-building\/#breadcrumb\"},\"inLanguage\":\"sl-SI\",\"potentialAction\":[{\"@type\":\"ReadAction\",\"target\":[\"https:\/\/www.wheelie-bikeadventures.com\/sl\/team-building\/\"]}]},{\"@type\":\"BreadcrumbList\",\"@id\":\"https:\/\/www.wheelie-bikeadventures.com\/sl\/team-building\/#breadcrumb\",\"itemListElement\":[{\"@type\":\"ListItem\",\"position\":1,\"name\":\"Home\",\"item\":\"https:\/\/www.wheelie-bikeadventures.com\/sl\/domov\/\"},{\"@type\":\"ListItem\",\"position\":2,\"name\":\"Team building\"}]},{\"@type\":\"WebSite\",\"@id\":\"https:\/\/www.wheelie-bikeadventures.com\/sl\/#website\",\"url\":\"https:\/\/www.wheelie-bikeadventures.com\/sl\/\",\"name\":\"Wheelie bike adventures\",\"description\":\"\",\"publisher\":{\"@id\":\"https:\/\/www.wheelie-bikeadventures.com\/sl\/#organization\"},\"alternateName\":\"wheelie\",\"potentialAction\":[{\"@type\":\"SearchAction\",\"target\":{\"@type\":\"EntryPoint\",\"urlTemplate\":\"https:\/\/www.wheelie-bikeadventures.com\/sl\/?s={search_term_string}\"},\"query-input\":{\"@type\":\"PropertyValueSpecification\",\"valueRequired\":true,\"valueName\":\"search_term_string\"}}],\"inLanguage\":\"sl-SI\"},{\"@type\":\"Organization\",\"@id\":\"https:\/\/www.wheelie-bikeadventures.com\/sl\/#organization\",\"name\":\"Wheelie bike adventures\",\"url\":\"https:\/\/www.wheelie-bikeadventures.com\/sl\/\",\"logo\":{\"@type\":\"ImageObject\",\"inLanguage\":\"sl-SI\",\"@id\":\"https:\/\/www.wheelie-bikeadventures.com\/sl\/#\/schema\/logo\/image\/\",\"url\":\"https:\/\/www.wheelie-bikeadventures.com\/wp-content\/uploads\/2025\/06\/WheelieBikeAdventures_logo_beige.png\",\"contentUrl\":\"https:\/\/www.wheelie-bikeadventures.com\/wp-content\/uploads\/2025\/06\/WheelieBikeAdventures_logo_beige.png\",\"width\":500,\"height\":219,\"caption\":\"Wheelie bike adventures\"},\"image\":{\"@id\":\"https:\/\/www.wheelie-bikeadventures.com\/sl\/#\/schema\/logo\/image\/\"},\"sameAs\":[\"https:\/\/www.facebook.com\/profile.php?id=61573294106154\",\"https:\/\/www.instagram.com\/wheelie_bikeadventures\/\",\"https:\/\/www.tiktok.com\/@wheelie.bike.adve\"]}]}<\/script>\n<!-- \/ Yoast SEO plugin. -->","yoast_head_json":{"title":"Team building - Wheelie bike adventures","robots":{"index":"index","follow":"follow","max-snippet":"max-snippet:-1","max-image-preview":"max-image-preview:large","max-video-preview":"max-video-preview:-1"},"canonical":"https:\/\/www.wheelie-bikeadventures.com\/sl\/team-building\/","og_locale":"sl_SI","og_type":"article","og_title":"Team building - Wheelie bike adventures","og_description":"Skupaj na poti do mo\u010dnej\u0161e ekipe. Bi radi svojo ekipo napolnili z novo energijo na nepozaben na\u010din? Na\u0161e team building vo\u017enje so zasnovane tako, da povezujejo ljudi skozi naravo, gibanje in skupno do\u017eivetje. Ne glede na to, ali ste podjetje, organizacija ali le skupina zagnanih sodelavcev, pomagali vam bomo ustvariti popolno do\u017eivetje v naravi. Poskrbimo [&hellip;]","og_url":"https:\/\/www.wheelie-bikeadventures.com\/sl\/team-building\/","og_site_name":"Wheelie bike adventures","article_publisher":"https:\/\/www.facebook.com\/profile.php?id=61573294106154","article_modified_time":"2025-07-13T12:20:51+00:00","twitter_card":"summary_large_image","twitter_misc":{"Est. reading time":"6 minut"},"schema":{"@context":"https:\/\/schema.org","@graph":[{"@type":"WebPage","@id":"https:\/\/www.wheelie-bikeadventures.com\/sl\/team-building\/","url":"https:\/\/www.wheelie-bikeadventures.com\/sl\/team-building\/","name":"Team building - Wheelie bike adventures","isPartOf":{"@id":"https:\/\/www.wheelie-bikeadventures.com\/sl\/#website"},"datePublished":"2025-07-08T13:40:18+00:00","dateModified":"2025-07-13T12:20:51+00:00","breadcrumb":{"@id":"https:\/\/www.wheelie-bikeadventures.com\/sl\/team-building\/#breadcrumb"},"inLanguage":"sl-SI","potentialAction":[{"@type":"ReadAction","target":["https:\/\/www.wheelie-bikeadventures.com\/sl\/team-building\/"]}]},{"@type":"BreadcrumbList","@id":"https:\/\/www.wheelie-bikeadventures.com\/sl\/team-building\/#breadcrumb","itemListElement":[{"@type":"ListItem","position":1,"name":"Home","item":"https:\/\/www.wheelie-bikeadventures.com\/sl\/domov\/"},{"@type":"ListItem","position":2,"name":"Team building"}]},{"@type":"WebSite","@id":"https:\/\/www.wheelie-bikeadventures.com\/sl\/#website","url":"https:\/\/www.wheelie-bikeadventures.com\/sl\/","name":"Wheelie bike adventures","description":"","publisher":{"@id":"https:\/\/www.wheelie-bikeadventures.com\/sl\/#organization"},"alternateName":"wheelie","potentialAction":[{"@type":"SearchAction","target":{"@type":"EntryPoint","urlTemplate":"https:\/\/www.wheelie-bikeadventures.com\/sl\/?s={search_term_string}"},"query-input":{"@type":"PropertyValueSpecification","valueRequired":true,"valueName":"search_term_string"}}],"inLanguage":"sl-SI"},{"@type":"Organization","@id":"https:\/\/www.wheelie-bikeadventures.com\/sl\/#organization","name":"Wheelie bike adventures","url":"https:\/\/www.wheelie-bikeadventures.com\/sl\/","logo":{"@type":"ImageObject","inLanguage":"sl-SI","@id":"https:\/\/www.wheelie-bikeadventures.com\/sl\/#\/schema\/logo\/image\/","url":"https:\/\/www.wheelie-bikeadventures.com\/wp-content\/uploads\/2025\/06\/WheelieBikeAdventures_logo_beige.png","contentUrl":"https:\/\/www.wheelie-bikeadventures.com\/wp-content\/uploads\/2025\/06\/WheelieBikeAdventures_logo_beige.png","width":500,"height":219,"caption":"Wheelie bike adventures"},"image":{"@id":"https:\/\/www.wheelie-bikeadventures.com\/sl\/#\/schema\/logo\/image\/"},"sameAs":["https:\/\/www.facebook.com\/profile.php?id=61573294106154","https:\/\/www.instagram.com\/wheelie_bikeadventures\/","https:\/\/www.tiktok.com\/@wheelie.bike.adve"]}]}},"_links":{"self":[{"href":"https:\/\/www.wheelie-bikeadventures.com\/sl\/wp-json\/wp\/v2\/pages\/636","targetHints":{"allow":["GET"]}}],"collection":[{"href":"https:\/\/www.wheelie-bikeadventures.com\/sl\/wp-json\/wp\/v2\/pages"}],"about":[{"href":"https:\/\/www.wheelie-bikeadventures.com\/sl\/wp-json\/wp\/v2\/types\/page"}],"author":[{"embeddable":true,"href":"https:\/\/www.wheelie-bikeadventures.com\/sl\/wp-json\/wp\/v2\/users\/2"}],"replies":[{"embeddable":true,"href":"https:\/\/www.wheelie-bikeadventures.com\/sl\/wp-json\/wp\/v2\/comments?post=636"}],"version-history":[{"count":4,"href":"https:\/\/www.wheelie-bikeadventures.com\/sl\/wp-json\/wp\/v2\/pages\/636\/revisions"}],"predecessor-version":[{"id":841,"href":"https:\/\/www.wheelie-bikeadventures.com\/sl\/wp-json\/wp\/v2\/pages\/636\/revisions\/841"}],"wp:attachment":[{"href":"https:\/\/www.wheelie-bikeadventures.com\/sl\/wp-json\/wp\/v2\/media?parent=636"}],"curies":[{"name":"wp","href":"https:\/\/api.w.org\/{rel}","templated":true}]}}