{"id":600,"date":"2025-07-02T13:09:00","date_gmt":"2025-07-02T13:09:00","guid":{"rendered":"https:\/\/www.wheelie-bikeadventures.com\/vodene-ture\/kultura-in-lokalna-kulinarika\/"},"modified":"2025-07-13T13:34:20","modified_gmt":"2025-07-13T13:34:20","slug":"kultura-in-lokalna-kulinarika","status":"publish","type":"page","link":"https:\/\/www.wheelie-bikeadventures.com\/sl\/vodene-ture\/kultura-in-lokalna-kulinarika\/","title":{"rendered":"Kultura in lokalna kulinarika"},"content":{"rendered":"<p>[et_pb_section fb_built=&#8221;1&#8243; disabled_on=&#8221;on|on|off&#8221; _builder_version=&#8221;4.27.4&#8243; _module_preset=&#8221;default&#8221; background_color=&#8221;#FCE5D5&#8243; custom_padding=&#8221;115px||38px||false|false&#8221; locked=&#8221;off&#8221; global_colors_info=&#8221;{}&#8221;][et_pb_row column_structure=&#8221;1_2,1_2&#8243; _builder_version=&#8221;4.27.4&#8243; _module_preset=&#8221;default&#8221; global_colors_info=&#8221;{}&#8221;][et_pb_column type=&#8221;1_2&#8243; _builder_version=&#8221;4.27.4&#8243; _module_preset=&#8221;default&#8221; global_colors_info=&#8221;{}&#8221;][et_pb_text _builder_version=&#8221;4.27.4&#8243; _module_preset=&#8221;default&#8221; text_font=&#8221;|600|||||||&#8221; text_text_color=&#8221;#C2263A&#8221; text_font_size=&#8221;17px&#8221; header_text_color=&#8221;#C2263A&#8221; global_colors_info=&#8221;{}&#8221;]<\/p>\n<h1>Kultura in lokalna kulinarika<\/h1>\n<p>&nbsp;<\/p>\n<p>Ta slikovita e-kolesarska tura je popolna za vse, ki u\u017eivate v <b>prijetnih vzponih, gozdnih poteh in bogati lokalni kulturi.<\/b> Za\u010dne se v Cerknem, nato se pot vije skozi mirne vasi in bujno zeleno pokrajino vse do o\u010darljive vasice <b>Zakojca, <\/b>rojstnega kraja priljubljenega slovenskega pisatelja<b> Franceta Bevka.<\/b><\/p>\n<p>Med potjo boste ob\u010dudovali \u010dudovite razglede na <b>Julijske Alpe<\/b>, raziskovali skrite gozdne poti in si privo\u0161\u010dili zaslu\u017een postanek na tradicionalni doma\u010diji, kjer boste okusili <b>pristno doma\u010do kulinariko.<\/b> Obisk Bevkove doma\u010dije doda turi poseben kulturni pe\u010dat in vas pove\u017ee s koreninami tega kraja.<\/p>\n<p>[\/et_pb_text][\/et_pb_column][et_pb_column type=&#8221;1_2&#8243; _builder_version=&#8221;4.27.4&#8243; _module_preset=&#8221;default&#8221; global_colors_info=&#8221;{}&#8221;][et_pb_image src=&#8221;https:\/\/www.wheelie-bikeadventures.com\/wp-content\/uploads\/2025\/07\/WheelieBikeAdventures_zakojca.jpg&#8221; title_text=&#8221;WheelieBikeAdventures_zakojca&#8221; _builder_version=&#8221;4.27.4&#8243; _module_preset=&#8221;default&#8221; global_colors_info=&#8221;{}&#8221;][\/et_pb_image][\/et_pb_column][\/et_pb_row][\/et_pb_section][et_pb_section fb_built=&#8221;1&#8243; disabled_on=&#8221;off|off|on&#8221; _builder_version=&#8221;4.27.4&#8243; _module_preset=&#8221;default&#8221; background_color=&#8221;#FCE5D5&#8243; custom_padding=&#8221;10px||7px||false|false&#8221; locked=&#8221;off&#8221; global_colors_info=&#8221;{}&#8221;][et_pb_row _builder_version=&#8221;4.27.4&#8243; _module_preset=&#8221;default&#8221; custom_padding=&#8221;||6px|||&#8221; global_colors_info=&#8221;{}&#8221;][et_pb_column type=&#8221;4_4&#8243; _builder_version=&#8221;4.27.4&#8243; _module_preset=&#8221;default&#8221; global_colors_info=&#8221;{}&#8221;][et_pb_text _builder_version=&#8221;4.27.4&#8243; _module_preset=&#8221;default&#8221; text_font=&#8221;|600|||||||&#8221; text_text_color=&#8221;#C2263A&#8221; text_font_size=&#8221;17px&#8221; header_text_color=&#8221;#C2263A&#8221; global_colors_info=&#8221;{}&#8221;]<\/p>\n<h1>Kultura in lokalna kulinarika<\/h1>\n<p>U\u017eivajte v lahkotni e-kolesarski turi skozi cerkljanske vasi do <b>Zakojce<\/b>, rojstnega kraja pisatelja <b>France<\/strong><br \/>\n<strong>Bevk<\/b>. U\u017eivajte v razgledih na <b>Julijske Alpe<\/b>, razi\u0161\u010dite gozdne poti in se posladkajte z <b>doma\u010dimi jedmi<\/b> na tradicionalni kmetiji.[\/et_pb_text][\/et_pb_column][\/et_pb_row][\/et_pb_section][et_pb_section fb_built=&#8221;1&#8243; disabled_on=&#8221;off|off|on&#8221; _builder_version=&#8221;4.27.4&#8243; _module_preset=&#8221;default&#8221; custom_margin=&#8221;0px||0px||false|false&#8221; custom_padding=&#8221;0px||0px||false|false&#8221; locked=&#8221;off&#8221; global_colors_info=&#8221;{}&#8221;][et_pb_row use_custom_gutter=&#8221;on&#8221; gutter_width=&#8221;1&#8243; _builder_version=&#8221;4.27.4&#8243; _module_preset=&#8221;default&#8221; width=&#8221;100%&#8221; max_width=&#8221;100%&#8221; custom_margin=&#8221;0px||0px||false|false&#8221; custom_padding=&#8221;0px||0px||false|false&#8221; global_colors_info=&#8221;{}&#8221;][et_pb_column type=&#8221;4_4&#8243; _builder_version=&#8221;4.27.4&#8243; _module_preset=&#8221;default&#8221; global_colors_info=&#8221;{}&#8221;][et_pb_image src=&#8221;https:\/\/www.wheelie-bikeadventures.com\/wp-content\/uploads\/2025\/07\/WheelieBikeAdventures_-60.jpg&#8221; title_text=&#8221;WheelieBikeAdventures_-60&#8243; _builder_version=&#8221;4.27.4&#8243; _module_preset=&#8221;default&#8221; global_colors_info=&#8221;{}&#8221;][\/et_pb_image][\/et_pb_column][\/et_pb_row][\/et_pb_section][et_pb_section fb_built=&#8221;1&#8243; _builder_version=&#8221;4.27.4&#8243; _module_preset=&#8221;default&#8221; background_color=&#8221;#C2263A&#8221; custom_padding=&#8221;||0px|||&#8221; locked=&#8221;off&#8221; global_colors_info=&#8221;{}&#8221;][et_pb_row column_structure=&#8221;1_2,1_2&#8243; _builder_version=&#8221;4.27.4&#8243; _module_preset=&#8221;default&#8221; global_colors_info=&#8221;{}&#8221;][et_pb_column type=&#8221;1_2&#8243; _builder_version=&#8221;4.27.4&#8243; _module_preset=&#8221;default&#8221; global_colors_info=&#8221;{}&#8221;][et_pb_text _builder_version=&#8221;4.27.4&#8243; _module_preset=&#8221;default&#8221; text_font=&#8221;|600|||||||&#8221; text_text_color=&#8221;#FCE5D5&#8243; text_font_size=&#8221;16px&#8221; header_text_color=&#8221;#FCE5D5&#8243; header_4_text_color=&#8221;#FCE5D5&#8243; global_colors_info=&#8221;{}&#8221;]<\/p>\n<h4>Podrobnosti:<\/h4>\n<ul>\n<li>Dol\u017eian ture: 4\u20135 ur<\/li>\n<li>Razdalja: 24 km<\/li>\n<li>Vi\u0161inska razlika: 860 m<\/li>\n<li>Zahtevnost: srednja<\/li>\n<li>Podlaga: asfalt, makadam in gozdne poti<\/li>\n<li>Postanek: doma\u010de kosilo na kmetiji Pr\u2019 Flandru<\/li>\n<li>Najprimernej\u0161i \u010das: pomlad, poletje, zgodnja jesen<\/li>\n<\/ul>\n<p>[\/et_pb_text][\/et_pb_column][et_pb_column type=&#8221;1_2&#8243; admin_label=&#8221;Column&#8221; _builder_version=&#8221;4.27.4&#8243; _module_preset=&#8221;default&#8221; global_colors_info=&#8221;{}&#8221;][et_pb_text _builder_version=&#8221;4.27.4&#8243; _module_preset=&#8221;default&#8221; text_font=&#8221;|600|||||||&#8221; text_text_color=&#8221;#FCE5D5&#8243; text_font_size=&#8221;16px&#8221; header_text_color=&#8221;#FCE5D5&#8243; header_4_text_color=&#8221;#FCE5D5&#8243; global_colors_info=&#8221;{}&#8221;]<\/p>\n<h4> Kaj vas \u010daka:<\/h4>\n<ul>\n<li>Panoramski razgledi na cerkljansko hribovje<\/li>\n<li>Obisk doma\u010dije Franceta Bevka<\/li>\n<li>Tradicionalno kosilo z lokalnimi dobrotami<\/li>\n<li>Mirni gozdni odseki in pode\u017eelska pokrajina<\/li>\n<li>Kot nala\u0161\u010d za vse, ki si \u017eelijo umirjene vo\u017enje in pristnega do\u017eivetja pokrajine.<\/li>\n<\/ul>\n<p>[\/et_pb_text][\/et_pb_column][\/et_pb_row][\/et_pb_section][et_pb_section fb_built=&#8221;1&#8243; _builder_version=&#8221;4.27.4&#8243; _module_preset=&#8221;default&#8221; background_color=&#8221;#FCE5D5&#8243; locked=&#8221;off&#8221; global_colors_info=&#8221;{}&#8221;][et_pb_row column_structure=&#8221;3_5,2_5&#8243; _builder_version=&#8221;4.27.4&#8243; _module_preset=&#8221;default&#8221; global_colors_info=&#8221;{}&#8221;][et_pb_column type=&#8221;3_5&#8243; _builder_version=&#8221;4.27.4&#8243; _module_preset=&#8221;default&#8221; global_colors_info=&#8221;{}&#8221;][et_pb_text _builder_version=&#8221;4.27.4&#8243; _module_preset=&#8221;default&#8221; text_font=&#8221;||||||||&#8221; text_text_color=&#8221;#C2263A&#8221; text_font_size=&#8221;17px&#8221; header_font=&#8221;&#8211;et_global_body_font||||||||&#8221; header_text_color=&#8221;#C2263A&#8221; header_font_size=&#8221;36px&#8221; header_2_font=&#8221;&#8211;et_global_body_font|800|||||||&#8221; header_2_text_color=&#8221;#C2263A&#8221; header_2_font_size=&#8221;34px&#8221; locked=&#8221;off&#8221; global_colors_info=&#8221;{}&#8221;]<\/p>\n<h2>Cenik<\/h2>\n<p><strong><\/strong><\/p>\n<p>Vse ture vklju\u010dujejo strokovnega lokalnega vodnika, e-kolo, \u010delado in osnovno opremo.<\/p>\n<p><strong>Po poteh dedi\u0161\u010dine in naravnih lepot<\/strong> (trajanje: 5\u20136 ur): <strong>90 \u20ac<\/strong><br \/><strong>Kulturno-kulinari\u010dna tura<\/strong> (trajanje: 4-5 ur): <strong>85 \u20ac<\/strong><br \/><strong>Personalizirana tura<\/strong> (trajanje: po dogovoru): <strong>od 85 \u20ac \/ dan<\/strong><br \/><strong>Team building tura<\/strong> (trajanje: pol- ali celodnevna): <strong>od 85 \u20ac \/ dan<\/strong><\/p>\n<p>Majhne skupine za pristno izku\u0161njo<br \/>Popusti za dru\u017eine in skupine (4+ oseb)<b><\/b><b><\/b><\/p>\n<p><strong>Potrebujete pomo\u010d pri izbiri prave ture?<\/strong><br \/><strong>Kontaktirajte nas<\/strong>, z veseljem vam pomagamo na\u010drtovati popolno kolesarsko do\u017eivetje!<\/p>\n<p>[\/et_pb_text][\/et_pb_column][et_pb_column type=&#8221;2_5&#8243; _builder_version=&#8221;4.27.4&#8243; _module_preset=&#8221;default&#8221; global_colors_info=&#8221;{}&#8221;][et_pb_image src=&#8221;https:\/\/www.wheelie-bikeadventures.com\/wp-content\/uploads\/2025\/06\/WheelieBikeAdventures_razgled.jpg&#8221; title_text=&#8221;WheelieBikeAdventures_razgled&#8221; disabled_on=&#8221;on|on|off&#8221; _builder_version=&#8221;4.27.4&#8243; _module_preset=&#8221;default&#8221; global_colors_info=&#8221;{}&#8221;][\/et_pb_image][\/et_pb_column][\/et_pb_row][\/et_pb_section][et_pb_section fb_built=&#8221;1&#8243; _builder_version=&#8221;4.27.4&#8243; _module_preset=&#8221;default&#8221; custom_margin=&#8221;0px||0px||false|false&#8221; custom_padding=&#8221;0px||0px||false|false&#8221; locked=&#8221;off&#8221; global_colors_info=&#8221;{}&#8221;][et_pb_row column_structure=&#8221;1_4,1_4,1_4,1_4&#8243; use_custom_gutter=&#8221;on&#8221; gutter_width=&#8221;1&#8243; _builder_version=&#8221;4.27.4&#8243; _module_preset=&#8221;default&#8221; width=&#8221;100%&#8221; max_width=&#8221;100%&#8221; custom_margin=&#8221;0px||0px||false|false&#8221; custom_padding=&#8221;0px||0px||false|false&#8221; global_colors_info=&#8221;{}&#8221;][et_pb_column type=&#8221;1_4&#8243; _builder_version=&#8221;4.27.4&#8243; _module_preset=&#8221;default&#8221; global_colors_info=&#8221;{}&#8221;][et_pb_image src=&#8221;https:\/\/www.wheelie-bikeadventures.com\/wp-content\/uploads\/2025\/07\/wheeliebikeadventures_PrFlandru01.jpg&#8221; title_text=&#8221;wheeliebikeadventures_PrFlandru01&#8243; _builder_version=&#8221;4.27.4&#8243; _module_preset=&#8221;default&#8221; global_colors_info=&#8221;{}&#8221;][\/et_pb_image][\/et_pb_column][et_pb_column type=&#8221;1_4&#8243; _builder_version=&#8221;4.27.4&#8243; _module_preset=&#8221;default&#8221; global_colors_info=&#8221;{}&#8221;][et_pb_image src=&#8221;https:\/\/www.wheelie-bikeadventures.com\/wp-content\/uploads\/2025\/07\/wheeliebikeadventures_PrFlandru_kulinarika.jpg&#8221; title_text=&#8221;wheeliebikeadventures_PrFlandru_kulinarika&#8221; _builder_version=&#8221;4.27.4&#8243; _module_preset=&#8221;default&#8221; global_colors_info=&#8221;{}&#8221;][\/et_pb_image][\/et_pb_column][et_pb_column type=&#8221;1_4&#8243; _builder_version=&#8221;4.27.4&#8243; _module_preset=&#8221;default&#8221; global_colors_info=&#8221;{}&#8221;][et_pb_image src=&#8221;https:\/\/www.wheelie-bikeadventures.com\/wp-content\/uploads\/2025\/07\/WheelieBikeAdventures_-82.jpg&#8221; title_text=&#8221;WheelieBikeAdventures_-82&#8243; _builder_version=&#8221;4.27.4&#8243; _module_preset=&#8221;default&#8221; global_colors_info=&#8221;{}&#8221;][\/et_pb_image][\/et_pb_column][et_pb_column type=&#8221;1_4&#8243; _builder_version=&#8221;4.27.4&#8243; _module_preset=&#8221;default&#8221; global_colors_info=&#8221;{}&#8221;][et_pb_image src=&#8221;https:\/\/www.wheelie-bikeadventures.com\/wp-content\/uploads\/2025\/07\/wheeliebikeadventures_BevkovaDomacija.jpg&#8221; title_text=&#8221;wheeliebikeadventures_BevkovaDomacija&#8221; _builder_version=&#8221;4.27.4&#8243; _module_preset=&#8221;default&#8221; global_colors_info=&#8221;{}&#8221;][\/et_pb_image][\/et_pb_column][\/et_pb_row][\/et_pb_section]<\/p>\n","protected":false},"excerpt":{"rendered":"<p>Kultura in lokalna kulinarika &nbsp; Ta slikovita e-kolesarska tura je popolna za vse, ki u\u017eivate v prijetnih vzponih, gozdnih poteh in bogati lokalni kulturi. Za\u010dne se v Cerknem, nato se pot vije skozi mirne vasi in bujno zeleno pokrajino vse do o\u010darljive vasice Zakojca, rojstnega kraja priljubljenega slovenskega pisatelja Franceta Bevka. Med potjo boste ob\u010dudovali [&hellip;]<\/p>\n","protected":false},"author":2,"featured_media":0,"parent":567,"menu_order":0,"comment_status":"closed","ping_status":"closed","template":"","meta":{"_et_pb_use_builder":"on","_et_pb_old_content":"","_et_gb_content_width":"","footnotes":""},"class_list":["post-600","page","type-page","status-publish","hentry"],"yoast_head":"<!-- This site is optimized with the Yoast SEO plugin v25.6 - https:\/\/yoast.com\/wordpress\/plugins\/seo\/ -->\n<title>Kultura in lokalna kulinarika - Wheelie bike adventures<\/title>\n<meta name=\"robots\" content=\"index, follow, max-snippet:-1, max-image-preview:large, max-video-preview:-1\" \/>\n<link rel=\"canonical\" href=\"https:\/\/www.wheelie-bikeadventures.com\/sl\/vodene-ture\/kultura-in-lokalna-kulinarika\/\" \/>\n<meta property=\"og:locale\" content=\"sl_SI\" \/>\n<meta property=\"og:type\" content=\"article\" \/>\n<meta property=\"og:title\" content=\"Kultura in lokalna kulinarika - Wheelie bike adventures\" \/>\n<meta property=\"og:description\" content=\"Kultura in lokalna kulinarika &nbsp; Ta slikovita e-kolesarska tura je popolna za vse, ki u\u017eivate v prijetnih vzponih, gozdnih poteh in bogati lokalni kulturi. Za\u010dne se v Cerknem, nato se pot vije skozi mirne vasi in bujno zeleno pokrajino vse do o\u010darljive vasice Zakojca, rojstnega kraja priljubljenega slovenskega pisatelja Franceta Bevka. Med potjo boste ob\u010dudovali [&hellip;]\" \/>\n<meta property=\"og:url\" content=\"https:\/\/www.wheelie-bikeadventures.com\/sl\/vodene-ture\/kultura-in-lokalna-kulinarika\/\" \/>\n<meta property=\"og:site_name\" content=\"Wheelie bike adventures\" \/>\n<meta property=\"article:publisher\" content=\"https:\/\/www.facebook.com\/profile.php?id=61573294106154\" \/>\n<meta property=\"article:modified_time\" content=\"2025-07-13T13:34:20+00:00\" \/>\n<meta name=\"twitter:card\" content=\"summary_large_image\" \/>\n<meta name=\"twitter:label1\" content=\"Est. reading time\" \/>\n\t<meta name=\"twitter:data1\" content=\"6 minut\" \/>\n<script type=\"application\/ld+json\" class=\"yoast-schema-graph\">{\"@context\":\"https:\/\/schema.org\",\"@graph\":[{\"@type\":\"WebPage\",\"@id\":\"https:\/\/www.wheelie-bikeadventures.com\/sl\/vodene-ture\/kultura-in-lokalna-kulinarika\/\",\"url\":\"https:\/\/www.wheelie-bikeadventures.com\/sl\/vodene-ture\/kultura-in-lokalna-kulinarika\/\",\"name\":\"Kultura in lokalna kulinarika - Wheelie bike adventures\",\"isPartOf\":{\"@id\":\"https:\/\/www.wheelie-bikeadventures.com\/sl\/#website\"},\"datePublished\":\"2025-07-02T13:09:00+00:00\",\"dateModified\":\"2025-07-13T13:34:20+00:00\",\"breadcrumb\":{\"@id\":\"https:\/\/www.wheelie-bikeadventures.com\/sl\/vodene-ture\/kultura-in-lokalna-kulinarika\/#breadcrumb\"},\"inLanguage\":\"sl-SI\",\"potentialAction\":[{\"@type\":\"ReadAction\",\"target\":[\"https:\/\/www.wheelie-bikeadventures.com\/sl\/vodene-ture\/kultura-in-lokalna-kulinarika\/\"]}]},{\"@type\":\"BreadcrumbList\",\"@id\":\"https:\/\/www.wheelie-bikeadventures.com\/sl\/vodene-ture\/kultura-in-lokalna-kulinarika\/#breadcrumb\",\"itemListElement\":[{\"@type\":\"ListItem\",\"position\":1,\"name\":\"Home\",\"item\":\"https:\/\/www.wheelie-bikeadventures.com\/sl\/domov\/\"},{\"@type\":\"ListItem\",\"position\":2,\"name\":\"Vodene ture\",\"item\":\"https:\/\/www.wheelie-bikeadventures.com\/sl\/vodene-ture\/\"},{\"@type\":\"ListItem\",\"position\":3,\"name\":\"Kultura in lokalna kulinarika\"}]},{\"@type\":\"WebSite\",\"@id\":\"https:\/\/www.wheelie-bikeadventures.com\/sl\/#website\",\"url\":\"https:\/\/www.wheelie-bikeadventures.com\/sl\/\",\"name\":\"Wheelie bike adventures\",\"description\":\"\",\"publisher\":{\"@id\":\"https:\/\/www.wheelie-bikeadventures.com\/sl\/#organization\"},\"alternateName\":\"wheelie\",\"potentialAction\":[{\"@type\":\"SearchAction\",\"target\":{\"@type\":\"EntryPoint\",\"urlTemplate\":\"https:\/\/www.wheelie-bikeadventures.com\/sl\/?s={search_term_string}\"},\"query-input\":{\"@type\":\"PropertyValueSpecification\",\"valueRequired\":true,\"valueName\":\"search_term_string\"}}],\"inLanguage\":\"sl-SI\"},{\"@type\":\"Organization\",\"@id\":\"https:\/\/www.wheelie-bikeadventures.com\/sl\/#organization\",\"name\":\"Wheelie bike adventures\",\"url\":\"https:\/\/www.wheelie-bikeadventures.com\/sl\/\",\"logo\":{\"@type\":\"ImageObject\",\"inLanguage\":\"sl-SI\",\"@id\":\"https:\/\/www.wheelie-bikeadventures.com\/sl\/#\/schema\/logo\/image\/\",\"url\":\"https:\/\/www.wheelie-bikeadventures.com\/wp-content\/uploads\/2025\/06\/WheelieBikeAdventures_logo_beige.png\",\"contentUrl\":\"https:\/\/www.wheelie-bikeadventures.com\/wp-content\/uploads\/2025\/06\/WheelieBikeAdventures_logo_beige.png\",\"width\":500,\"height\":219,\"caption\":\"Wheelie bike adventures\"},\"image\":{\"@id\":\"https:\/\/www.wheelie-bikeadventures.com\/sl\/#\/schema\/logo\/image\/\"},\"sameAs\":[\"https:\/\/www.facebook.com\/profile.php?id=61573294106154\",\"https:\/\/www.instagram.com\/wheelie_bikeadventures\/\",\"https:\/\/www.tiktok.com\/@wheelie.bike.adve\"]}]}<\/script>\n<!-- \/ Yoast SEO plugin. -->","yoast_head_json":{"title":"Kultura in lokalna kulinarika - Wheelie bike adventures","robots":{"index":"index","follow":"follow","max-snippet":"max-snippet:-1","max-image-preview":"max-image-preview:large","max-video-preview":"max-video-preview:-1"},"canonical":"https:\/\/www.wheelie-bikeadventures.com\/sl\/vodene-ture\/kultura-in-lokalna-kulinarika\/","og_locale":"sl_SI","og_type":"article","og_title":"Kultura in lokalna kulinarika - Wheelie bike adventures","og_description":"Kultura in lokalna kulinarika &nbsp; Ta slikovita e-kolesarska tura je popolna za vse, ki u\u017eivate v prijetnih vzponih, gozdnih poteh in bogati lokalni kulturi. Za\u010dne se v Cerknem, nato se pot vije skozi mirne vasi in bujno zeleno pokrajino vse do o\u010darljive vasice Zakojca, rojstnega kraja priljubljenega slovenskega pisatelja Franceta Bevka. Med potjo boste ob\u010dudovali [&hellip;]","og_url":"https:\/\/www.wheelie-bikeadventures.com\/sl\/vodene-ture\/kultura-in-lokalna-kulinarika\/","og_site_name":"Wheelie bike adventures","article_publisher":"https:\/\/www.facebook.com\/profile.php?id=61573294106154","article_modified_time":"2025-07-13T13:34:20+00:00","twitter_card":"summary_large_image","twitter_misc":{"Est. reading time":"6 minut"},"schema":{"@context":"https:\/\/schema.org","@graph":[{"@type":"WebPage","@id":"https:\/\/www.wheelie-bikeadventures.com\/sl\/vodene-ture\/kultura-in-lokalna-kulinarika\/","url":"https:\/\/www.wheelie-bikeadventures.com\/sl\/vodene-ture\/kultura-in-lokalna-kulinarika\/","name":"Kultura in lokalna kulinarika - Wheelie bike adventures","isPartOf":{"@id":"https:\/\/www.wheelie-bikeadventures.com\/sl\/#website"},"datePublished":"2025-07-02T13:09:00+00:00","dateModified":"2025-07-13T13:34:20+00:00","breadcrumb":{"@id":"https:\/\/www.wheelie-bikeadventures.com\/sl\/vodene-ture\/kultura-in-lokalna-kulinarika\/#breadcrumb"},"inLanguage":"sl-SI","potentialAction":[{"@type":"ReadAction","target":["https:\/\/www.wheelie-bikeadventures.com\/sl\/vodene-ture\/kultura-in-lokalna-kulinarika\/"]}]},{"@type":"BreadcrumbList","@id":"https:\/\/www.wheelie-bikeadventures.com\/sl\/vodene-ture\/kultura-in-lokalna-kulinarika\/#breadcrumb","itemListElement":[{"@type":"ListItem","position":1,"name":"Home","item":"https:\/\/www.wheelie-bikeadventures.com\/sl\/domov\/"},{"@type":"ListItem","position":2,"name":"Vodene ture","item":"https:\/\/www.wheelie-bikeadventures.com\/sl\/vodene-ture\/"},{"@type":"ListItem","position":3,"name":"Kultura in lokalna kulinarika"}]},{"@type":"WebSite","@id":"https:\/\/www.wheelie-bikeadventures.com\/sl\/#website","url":"https:\/\/www.wheelie-bikeadventures.com\/sl\/","name":"Wheelie bike adventures","description":"","publisher":{"@id":"https:\/\/www.wheelie-bikeadventures.com\/sl\/#organization"},"alternateName":"wheelie","potentialAction":[{"@type":"SearchAction","target":{"@type":"EntryPoint","urlTemplate":"https:\/\/www.wheelie-bikeadventures.com\/sl\/?s={search_term_string}"},"query-input":{"@type":"PropertyValueSpecification","valueRequired":true,"valueName":"search_term_string"}}],"inLanguage":"sl-SI"},{"@type":"Organization","@id":"https:\/\/www.wheelie-bikeadventures.com\/sl\/#organization","name":"Wheelie bike adventures","url":"https:\/\/www.wheelie-bikeadventures.com\/sl\/","logo":{"@type":"ImageObject","inLanguage":"sl-SI","@id":"https:\/\/www.wheelie-bikeadventures.com\/sl\/#\/schema\/logo\/image\/","url":"https:\/\/www.wheelie-bikeadventures.com\/wp-content\/uploads\/2025\/06\/WheelieBikeAdventures_logo_beige.png","contentUrl":"https:\/\/www.wheelie-bikeadventures.com\/wp-content\/uploads\/2025\/06\/WheelieBikeAdventures_logo_beige.png","width":500,"height":219,"caption":"Wheelie bike adventures"},"image":{"@id":"https:\/\/www.wheelie-bikeadventures.com\/sl\/#\/schema\/logo\/image\/"},"sameAs":["https:\/\/www.facebook.com\/profile.php?id=61573294106154","https:\/\/www.instagram.com\/wheelie_bikeadventures\/","https:\/\/www.tiktok.com\/@wheelie.bike.adve"]}]}},"_links":{"self":[{"href":"https:\/\/www.wheelie-bikeadventures.com\/sl\/wp-json\/wp\/v2\/pages\/600","targetHints":{"allow":["GET"]}}],"collection":[{"href":"https:\/\/www.wheelie-bikeadventures.com\/sl\/wp-json\/wp\/v2\/pages"}],"about":[{"href":"https:\/\/www.wheelie-bikeadventures.com\/sl\/wp-json\/wp\/v2\/types\/page"}],"author":[{"embeddable":true,"href":"https:\/\/www.wheelie-bikeadventures.com\/sl\/wp-json\/wp\/v2\/users\/2"}],"replies":[{"embeddable":true,"href":"https:\/\/www.wheelie-bikeadventures.com\/sl\/wp-json\/wp\/v2\/comments?post=600"}],"version-history":[{"count":16,"href":"https:\/\/www.wheelie-bikeadventures.com\/sl\/wp-json\/wp\/v2\/pages\/600\/revisions"}],"predecessor-version":[{"id":913,"href":"https:\/\/www.wheelie-bikeadventures.com\/sl\/wp-json\/wp\/v2\/pages\/600\/revisions\/913"}],"up":[{"embeddable":true,"href":"https:\/\/www.wheelie-bikeadventures.com\/sl\/wp-json\/wp\/v2\/pages\/567"}],"wp:attachment":[{"href":"https:\/\/www.wheelie-bikeadventures.com\/sl\/wp-json\/wp\/v2\/media?parent=600"}],"curies":[{"name":"wp","href":"https:\/\/api.w.org\/{rel}","templated":true}]}}