{"id":597,"date":"2025-07-02T13:09:24","date_gmt":"2025-07-02T13:09:24","guid":{"rendered":"https:\/\/www.wheelie-bikeadventures.com\/vodene-ture\/dozivetje-narave-in-dediscine\/"},"modified":"2025-07-13T13:32:02","modified_gmt":"2025-07-13T13:32:02","slug":"dozivetje-narave-in-dediscine","status":"publish","type":"page","link":"https:\/\/www.wheelie-bikeadventures.com\/sl\/vodene-ture\/dozivetje-narave-in-dediscine\/","title":{"rendered":"Po poteh dedi\u0161\u010dine in naravnih lepot"},"content":{"rendered":"<p>[et_pb_section fb_built=&#8221;1&#8243; disabled_on=&#8221;on|on|off&#8221; _builder_version=&#8221;4.27.4&#8243; _module_preset=&#8221;default&#8221; background_color=&#8221;#FCE5D5&#8243; custom_padding=&#8221;115px||38px||false|false&#8221; global_colors_info=&#8221;{}&#8221;][et_pb_row column_structure=&#8221;1_2,1_2&#8243; _builder_version=&#8221;4.27.4&#8243; _module_preset=&#8221;default&#8221; global_colors_info=&#8221;{}&#8221;][et_pb_column type=&#8221;1_2&#8243; _builder_version=&#8221;4.27.4&#8243; _module_preset=&#8221;default&#8221; global_colors_info=&#8221;{}&#8221;][et_pb_text _builder_version=&#8221;4.27.4&#8243; _module_preset=&#8221;default&#8221; text_font=&#8221;|600|||||||&#8221; text_text_color=&#8221;#C2263A&#8221; text_font_size=&#8221;17px&#8221; header_text_color=&#8221;#C2263A&#8221; global_colors_info=&#8221;{}&#8221;]<\/p>\n<h1>Po poteh dedi\u0161\u010dine in naravnih lepot<\/h1>\n<p>&nbsp;<\/p>\n<p>I\u0161\u010dete celodnevno turo, ki ponuja ve\u010d kot le poti po brezpotjih? Ta e-kolesarska pustolov\u0161\u010dina vas popelje globoko v <b>slikovito cerkljansko hribovje<\/b>, kjer se razgibano terensko kolesarjenje prepleta z osupljivimi razgledi, bogato zgodovino in pristno lokalno kulinariko. Od panoramskega razgledi\u0161\u010da na <b>\u0160ebreljah<\/b> in skrivnostnih energijskih to\u010dk pri<b> cerkvi Sv. Ivana<\/b>, do legendarnega arheolo\u0161kega najdi\u0161\u010da <b>Divje babe<\/b>, domovanja <b>najstarej\u0161e pi\u0161\u010dali na svetu<\/b>, ter osve\u017eilnega skoka v <b>reko Idrijco<\/b>. Ta tura ponuja nepozabno me\u0161anico kulture, narave in vznemirljivega do\u017eivetja.<\/p>\n<p>[\/et_pb_text][\/et_pb_column][et_pb_column type=&#8221;1_2&#8243; _builder_version=&#8221;4.27.4&#8243; _module_preset=&#8221;default&#8221; global_colors_info=&#8221;{}&#8221;][et_pb_image src=&#8221;https:\/\/www.wheelie-bikeadventures.com\/wp-content\/uploads\/2025\/07\/WheelieBikeAdventures_-62.jpg&#8221; title_text=&#8221;WheelieBikeAdventures_-62&#8243; _builder_version=&#8221;4.27.4&#8243; _module_preset=&#8221;default&#8221; global_colors_info=&#8221;{}&#8221;][\/et_pb_image][\/et_pb_column][\/et_pb_row][\/et_pb_section][et_pb_section fb_built=&#8221;1&#8243; disabled_on=&#8221;off|off|on&#8221; _builder_version=&#8221;4.27.4&#8243; _module_preset=&#8221;default&#8221; background_color=&#8221;#FCE5D5&#8243; custom_padding=&#8221;10px||7px||false|false&#8221; global_colors_info=&#8221;{}&#8221;][et_pb_row _builder_version=&#8221;4.27.4&#8243; _module_preset=&#8221;default&#8221; global_colors_info=&#8221;{}&#8221;][et_pb_column type=&#8221;4_4&#8243; _builder_version=&#8221;4.27.4&#8243; _module_preset=&#8221;default&#8221; global_colors_info=&#8221;{}&#8221;][et_pb_text _builder_version=&#8221;4.27.4&#8243; _module_preset=&#8221;default&#8221; text_font=&#8221;|600|||||||&#8221; text_text_color=&#8221;#C2263A&#8221; text_font_size=&#8221;17px&#8221; header_text_color=&#8221;#C2263A&#8221; global_colors_info=&#8221;{}&#8221;]<\/p>\n<h1>Po poteh dedi\u0161\u010dine in naravnih lepot<\/h1>\n<p>Razi\u0161\u010dite slikovito cerkljansko hribovje na celodnevni e-kolesarski turi. U\u017eivajte v osupljivih razgledih<br \/>\n<b>Obi\u0161\u010dite \u0160ebrelje,<\/b> zgodovinsko najdi\u0161\u010de<b> Divje babe<\/b> in se osve\u017eite v r<b>eki Idrijci <\/b>\u2014 popolna me\u0161anica kulture, narave in avanture.[\/et_pb_text][\/et_pb_column][\/et_pb_row][\/et_pb_section][et_pb_section fb_built=&#8221;1&#8243; disabled_on=&#8221;off|off|on&#8221; _builder_version=&#8221;4.27.4&#8243; _module_preset=&#8221;default&#8221; custom_margin=&#8221;0px||0px||false|false&#8221; custom_padding=&#8221;0px||0px||false|false&#8221; global_colors_info=&#8221;{}&#8221;][et_pb_row use_custom_gutter=&#8221;on&#8221; gutter_width=&#8221;1&#8243; _builder_version=&#8221;4.27.4&#8243; _module_preset=&#8221;default&#8221; width=&#8221;100%&#8221; max_width=&#8221;100%&#8221; custom_margin=&#8221;0px||0px||false|false&#8221; custom_padding=&#8221;0px||0px||false|false&#8221; global_colors_info=&#8221;{}&#8221;][et_pb_column type=&#8221;4_4&#8243; _builder_version=&#8221;4.27.4&#8243; _module_preset=&#8221;default&#8221; global_colors_info=&#8221;{}&#8221;][et_pb_image src=&#8221;https:\/\/www.wheelie-bikeadventures.com\/wp-content\/uploads\/2025\/06\/WheelieBikeAdventures_-63.jpg&#8221; title_text=&#8221;WheelieBikeAdventures_-63&#8243; _builder_version=&#8221;4.27.4&#8243; _module_preset=&#8221;default&#8221; global_colors_info=&#8221;{}&#8221;][\/et_pb_image][\/et_pb_column][\/et_pb_row][\/et_pb_section][et_pb_section fb_built=&#8221;1&#8243; _builder_version=&#8221;4.27.4&#8243; _module_preset=&#8221;default&#8221; background_color=&#8221;#C2263A&#8221; custom_padding=&#8221;||0px|||&#8221; global_colors_info=&#8221;{}&#8221;][et_pb_row column_structure=&#8221;1_2,1_2&#8243; _builder_version=&#8221;4.27.4&#8243; _module_preset=&#8221;default&#8221; global_colors_info=&#8221;{}&#8221;][et_pb_column type=&#8221;1_2&#8243; _builder_version=&#8221;4.27.4&#8243; _module_preset=&#8221;default&#8221; global_colors_info=&#8221;{}&#8221;][et_pb_text _builder_version=&#8221;4.27.4&#8243; _module_preset=&#8221;default&#8221; text_font=&#8221;|600|||||||&#8221; text_text_color=&#8221;#FCE5D5&#8243; text_font_size=&#8221;16px&#8221; header_text_color=&#8221;#FCE5D5&#8243; header_4_text_color=&#8221;#FCE5D5&#8243; global_colors_info=&#8221;{}&#8221;]<\/p>\n<h4>Podrobnosti:<\/h4>\n<ul>\n<li>Trajanje: 5\u20136 ur<\/li>\n<li>Razdalja: 40 km<\/li>\n<li>Skupno vzpona: 1.200 metrov<\/li>\n<li>Zahtevnost: za izku\u0161ene kolesarje (fizi\u010dno in tehni\u010dno bolj zahtevna tura)<\/li>\n<li>Teren: asfalt, makadam, enoslednice in gozdne poti<\/li>\n<li>Postanek: lokalna kulinari\u010dna izku\u0161nja na turisti\u010dni kmetiji Pr&#8217; \u017delincu<\/li>\n<li>Bonus: osve\u017eitev v reki Idrijci<\/li>\n<li>Najprimernej\u0161i \u010das: pomlad, poletje, zgodnja jesen<\/li>\n<\/ul>\n<ul><\/ul>\n<p>[\/et_pb_text][\/et_pb_column][et_pb_column type=&#8221;1_2&#8243; admin_label=&#8221;Column&#8221; _builder_version=&#8221;4.27.4&#8243; _module_preset=&#8221;default&#8221; global_colors_info=&#8221;{}&#8221;][et_pb_text _builder_version=&#8221;4.27.4&#8243; _module_preset=&#8221;default&#8221; text_font=&#8221;|600|||||||&#8221; text_text_color=&#8221;#FCE5D5&#8243; text_font_size=&#8221;16px&#8221; header_text_color=&#8221;#FCE5D5&#8243; header_4_text_color=&#8221;#FCE5D5&#8243; global_colors_info=&#8221;{}&#8221;]<\/p>\n<h4>Kaj vas \u010daka:<\/h4>\n<ul>\n<li>Panoramski razgled pri \u0160ebreljah<\/li>\n<li>Divje Babe (dom najstarej\u0161e pi\u0161\u010dali na svetu)<\/li>\n<li>Cerkev sv. Ivana in energijske to\u010dke<\/li>\n<li>Osupljivi alpski razgledi<\/li>\n<li>Zaslu\u017een postanek ob reki<\/li>\n<\/ul>\n<p>[\/et_pb_text][\/et_pb_column][\/et_pb_row][\/et_pb_section][et_pb_section fb_built=&#8221;1&#8243; _builder_version=&#8221;4.27.4&#8243; _module_preset=&#8221;default&#8221; background_color=&#8221;#FCE5D5&#8243; global_colors_info=&#8221;{}&#8221;][et_pb_row column_structure=&#8221;3_5,2_5&#8243; _builder_version=&#8221;4.27.4&#8243; _module_preset=&#8221;default&#8221; global_colors_info=&#8221;{}&#8221;][et_pb_column type=&#8221;3_5&#8243; _builder_version=&#8221;4.27.4&#8243; _module_preset=&#8221;default&#8221; global_colors_info=&#8221;{}&#8221;][et_pb_text _builder_version=&#8221;4.27.4&#8243; _module_preset=&#8221;default&#8221; text_font=&#8221;||||||||&#8221; text_text_color=&#8221;#C2263A&#8221; text_font_size=&#8221;17px&#8221; header_font=&#8221;&#8211;et_global_body_font||||||||&#8221; header_text_color=&#8221;#C2263A&#8221; header_font_size=&#8221;36px&#8221; header_2_font=&#8221;&#8211;et_global_body_font|800|||||||&#8221; header_2_text_color=&#8221;#C2263A&#8221; header_2_font_size=&#8221;34px&#8221; locked=&#8221;off&#8221; global_colors_info=&#8221;{}&#8221;]<\/p>\n<h2>Cenik<\/h2>\n<p><strong><\/strong><\/p>\n<p>Vse ture vklju\u010dujejo strokovnega lokalnega vodnika, e-kolo, \u010delado in osnovno opremo.<\/p>\n<p><strong>Po poteh dedi\u0161\u010dine in naravnih lepot<\/strong> (trajanje: 5\u20136 ur): <strong>90 \u20ac<\/strong><br \/><strong>Kulturno-kulinari\u010dna tura<\/strong> (trajanje: 4-5 ur): <strong>85 \u20ac<\/strong><br \/><strong>Personalizirana tura<\/strong> (trajanje: po dogovoru): <strong>od 85 \u20ac \/ dan<\/strong><br \/><strong>Team building tura<\/strong> (trajanje: pol- ali celodnevna): <strong>od 85 \u20ac \/ dan<\/strong><\/p>\n<p>Majhne skupine za pristno izku\u0161njo<br \/>Popusti za dru\u017eine in skupine (4+ oseb)<b><\/b><b><\/b><\/p>\n<p><strong>Potrebujete pomo\u010d pri izbiri prave ture?<\/strong><br \/><strong>Kontaktirajte nas<\/strong>, z veseljem vam pomagamo na\u010drtovati popolno kolesarsko do\u017eivetje!<\/p>\n<p>[\/et_pb_text][\/et_pb_column][et_pb_column type=&#8221;2_5&#8243; _builder_version=&#8221;4.27.4&#8243; _module_preset=&#8221;default&#8221; global_colors_info=&#8221;{}&#8221;][et_pb_image src=&#8221;https:\/\/www.wheelie-bikeadventures.com\/wp-content\/uploads\/2025\/06\/WheelieBikeAdventures_razgled.jpg&#8221; title_text=&#8221;WheelieBikeAdventures_razgled&#8221; disabled_on=&#8221;on|on|off&#8221; _builder_version=&#8221;4.27.4&#8243; _module_preset=&#8221;default&#8221; global_colors_info=&#8221;{}&#8221;][\/et_pb_image][\/et_pb_column][\/et_pb_row][\/et_pb_section][et_pb_section fb_built=&#8221;1&#8243; _builder_version=&#8221;4.27.4&#8243; _module_preset=&#8221;default&#8221; custom_margin=&#8221;0px||0px||false|false&#8221; custom_padding=&#8221;0px||0px||false|false&#8221; global_colors_info=&#8221;{}&#8221;][et_pb_row column_structure=&#8221;1_4,1_4,1_4,1_4&#8243; use_custom_gutter=&#8221;on&#8221; gutter_width=&#8221;1&#8243; _builder_version=&#8221;4.27.4&#8243; _module_preset=&#8221;default&#8221; width=&#8221;100%&#8221; max_width=&#8221;100%&#8221; custom_margin=&#8221;0px||0px||false|false&#8221; custom_padding=&#8221;0px||0px||false|false&#8221; global_colors_info=&#8221;{}&#8221;][et_pb_column type=&#8221;1_4&#8243; _builder_version=&#8221;4.27.4&#8243; _module_preset=&#8221;default&#8221; global_colors_info=&#8221;{}&#8221;][et_pb_image src=&#8221;https:\/\/www.wheelie-bikeadventures.com\/wp-content\/uploads\/2025\/07\/wheeliebikeadventures_SvIvan02.jpg&#8221; title_text=&#8221;wheeliebikeadventures_SvIvan02&#8243; _builder_version=&#8221;4.27.4&#8243; _module_preset=&#8221;default&#8221; global_colors_info=&#8221;{}&#8221;][\/et_pb_image][\/et_pb_column][et_pb_column type=&#8221;1_4&#8243; _builder_version=&#8221;4.27.4&#8243; _module_preset=&#8221;default&#8221; global_colors_info=&#8221;{}&#8221;][et_pb_image src=&#8221;https:\/\/www.wheelie-bikeadventures.com\/wp-content\/uploads\/2025\/07\/wheeliebikeadventures_PiscalDivjeBabe-1.jpg&#8221; title_text=&#8221;wheeliebikeadventures_PiscalDivjeBabe&#8221; _builder_version=&#8221;4.27.4&#8243; _module_preset=&#8221;default&#8221; global_colors_info=&#8221;{}&#8221;][\/et_pb_image][\/et_pb_column][et_pb_column type=&#8221;1_4&#8243; _builder_version=&#8221;4.27.4&#8243; _module_preset=&#8221;default&#8221; global_colors_info=&#8221;{}&#8221;][et_pb_image src=&#8221;https:\/\/www.wheelie-bikeadventures.com\/wp-content\/uploads\/2025\/07\/wheeliebikeadventures_Sebrelje-1.jpg&#8221; title_text=&#8221;wheeliebikeadventures_Sebrelje&#8221; _builder_version=&#8221;4.27.4&#8243; _module_preset=&#8221;default&#8221; global_colors_info=&#8221;{}&#8221;][\/et_pb_image][\/et_pb_column][et_pb_column type=&#8221;1_4&#8243; _builder_version=&#8221;4.27.4&#8243; _module_preset=&#8221;default&#8221; global_colors_info=&#8221;{}&#8221;][et_pb_image src=&#8221;https:\/\/www.wheelie-bikeadventures.com\/wp-content\/uploads\/2025\/07\/wheeliebikeadventures_RekaIdrijca.jpg&#8221; title_text=&#8221;wheeliebikeadventures_RekaIdrijca&#8221; _builder_version=&#8221;4.27.4&#8243; _module_preset=&#8221;default&#8221; global_colors_info=&#8221;{}&#8221;][\/et_pb_image][\/et_pb_column][\/et_pb_row][\/et_pb_section]<\/p>\n","protected":false},"excerpt":{"rendered":"<p>Po poteh dedi\u0161\u010dine in naravnih lepot &nbsp; I\u0161\u010dete celodnevno turo, ki ponuja ve\u010d kot le poti po brezpotjih? Ta e-kolesarska pustolov\u0161\u010dina vas popelje globoko v slikovito cerkljansko hribovje, kjer se razgibano terensko kolesarjenje prepleta z osupljivimi razgledi, bogato zgodovino in pristno lokalno kulinariko. Od panoramskega razgledi\u0161\u010da na \u0160ebreljah in skrivnostnih energijskih to\u010dk pri cerkvi Sv. [&hellip;]<\/p>\n","protected":false},"author":2,"featured_media":0,"parent":567,"menu_order":0,"comment_status":"closed","ping_status":"closed","template":"","meta":{"_et_pb_use_builder":"on","_et_pb_old_content":"","_et_gb_content_width":"","footnotes":""},"class_list":["post-597","page","type-page","status-publish","hentry"],"yoast_head":"<!-- This site is optimized with the Yoast SEO plugin v25.6 - https:\/\/yoast.com\/wordpress\/plugins\/seo\/ -->\n<title>Po poteh dedi\u0161\u010dine in naravnih lepot - Wheelie bike adventures<\/title>\n<meta name=\"robots\" content=\"index, follow, max-snippet:-1, max-image-preview:large, max-video-preview:-1\" \/>\n<link rel=\"canonical\" href=\"https:\/\/www.wheelie-bikeadventures.com\/sl\/vodene-ture\/dozivetje-narave-in-dediscine\/\" \/>\n<meta property=\"og:locale\" content=\"sl_SI\" \/>\n<meta property=\"og:type\" content=\"article\" \/>\n<meta property=\"og:title\" content=\"Po poteh dedi\u0161\u010dine in naravnih lepot - Wheelie bike adventures\" \/>\n<meta property=\"og:description\" content=\"Po poteh dedi\u0161\u010dine in naravnih lepot &nbsp; I\u0161\u010dete celodnevno turo, ki ponuja ve\u010d kot le poti po brezpotjih? Ta e-kolesarska pustolov\u0161\u010dina vas popelje globoko v slikovito cerkljansko hribovje, kjer se razgibano terensko kolesarjenje prepleta z osupljivimi razgledi, bogato zgodovino in pristno lokalno kulinariko. Od panoramskega razgledi\u0161\u010da na \u0160ebreljah in skrivnostnih energijskih to\u010dk pri cerkvi Sv. [&hellip;]\" \/>\n<meta property=\"og:url\" content=\"https:\/\/www.wheelie-bikeadventures.com\/sl\/vodene-ture\/dozivetje-narave-in-dediscine\/\" \/>\n<meta property=\"og:site_name\" content=\"Wheelie bike adventures\" \/>\n<meta property=\"article:publisher\" content=\"https:\/\/www.facebook.com\/profile.php?id=61573294106154\" \/>\n<meta property=\"article:modified_time\" content=\"2025-07-13T13:32:02+00:00\" \/>\n<meta name=\"twitter:card\" content=\"summary_large_image\" \/>\n<meta name=\"twitter:label1\" content=\"Est. reading time\" \/>\n\t<meta name=\"twitter:data1\" content=\"6 minut\" \/>\n<script type=\"application\/ld+json\" class=\"yoast-schema-graph\">{\"@context\":\"https:\/\/schema.org\",\"@graph\":[{\"@type\":\"WebPage\",\"@id\":\"https:\/\/www.wheelie-bikeadventures.com\/sl\/vodene-ture\/dozivetje-narave-in-dediscine\/\",\"url\":\"https:\/\/www.wheelie-bikeadventures.com\/sl\/vodene-ture\/dozivetje-narave-in-dediscine\/\",\"name\":\"Po poteh dedi\u0161\u010dine in naravnih lepot - Wheelie bike adventures\",\"isPartOf\":{\"@id\":\"https:\/\/www.wheelie-bikeadventures.com\/sl\/#website\"},\"datePublished\":\"2025-07-02T13:09:24+00:00\",\"dateModified\":\"2025-07-13T13:32:02+00:00\",\"breadcrumb\":{\"@id\":\"https:\/\/www.wheelie-bikeadventures.com\/sl\/vodene-ture\/dozivetje-narave-in-dediscine\/#breadcrumb\"},\"inLanguage\":\"sl-SI\",\"potentialAction\":[{\"@type\":\"ReadAction\",\"target\":[\"https:\/\/www.wheelie-bikeadventures.com\/sl\/vodene-ture\/dozivetje-narave-in-dediscine\/\"]}]},{\"@type\":\"BreadcrumbList\",\"@id\":\"https:\/\/www.wheelie-bikeadventures.com\/sl\/vodene-ture\/dozivetje-narave-in-dediscine\/#breadcrumb\",\"itemListElement\":[{\"@type\":\"ListItem\",\"position\":1,\"name\":\"Home\",\"item\":\"https:\/\/www.wheelie-bikeadventures.com\/sl\/domov\/\"},{\"@type\":\"ListItem\",\"position\":2,\"name\":\"Vodene ture\",\"item\":\"https:\/\/www.wheelie-bikeadventures.com\/sl\/vodene-ture\/\"},{\"@type\":\"ListItem\",\"position\":3,\"name\":\"Po poteh dedi\u0161\u010dine in naravnih lepot\"}]},{\"@type\":\"WebSite\",\"@id\":\"https:\/\/www.wheelie-bikeadventures.com\/sl\/#website\",\"url\":\"https:\/\/www.wheelie-bikeadventures.com\/sl\/\",\"name\":\"Wheelie bike adventures\",\"description\":\"\",\"publisher\":{\"@id\":\"https:\/\/www.wheelie-bikeadventures.com\/sl\/#organization\"},\"alternateName\":\"wheelie\",\"potentialAction\":[{\"@type\":\"SearchAction\",\"target\":{\"@type\":\"EntryPoint\",\"urlTemplate\":\"https:\/\/www.wheelie-bikeadventures.com\/sl\/?s={search_term_string}\"},\"query-input\":{\"@type\":\"PropertyValueSpecification\",\"valueRequired\":true,\"valueName\":\"search_term_string\"}}],\"inLanguage\":\"sl-SI\"},{\"@type\":\"Organization\",\"@id\":\"https:\/\/www.wheelie-bikeadventures.com\/sl\/#organization\",\"name\":\"Wheelie bike adventures\",\"url\":\"https:\/\/www.wheelie-bikeadventures.com\/sl\/\",\"logo\":{\"@type\":\"ImageObject\",\"inLanguage\":\"sl-SI\",\"@id\":\"https:\/\/www.wheelie-bikeadventures.com\/sl\/#\/schema\/logo\/image\/\",\"url\":\"https:\/\/www.wheelie-bikeadventures.com\/wp-content\/uploads\/2025\/06\/WheelieBikeAdventures_logo_beige.png\",\"contentUrl\":\"https:\/\/www.wheelie-bikeadventures.com\/wp-content\/uploads\/2025\/06\/WheelieBikeAdventures_logo_beige.png\",\"width\":500,\"height\":219,\"caption\":\"Wheelie bike adventures\"},\"image\":{\"@id\":\"https:\/\/www.wheelie-bikeadventures.com\/sl\/#\/schema\/logo\/image\/\"},\"sameAs\":[\"https:\/\/www.facebook.com\/profile.php?id=61573294106154\",\"https:\/\/www.instagram.com\/wheelie_bikeadventures\/\",\"https:\/\/www.tiktok.com\/@wheelie.bike.adve\"]}]}<\/script>\n<!-- \/ Yoast SEO plugin. -->","yoast_head_json":{"title":"Po poteh dedi\u0161\u010dine in naravnih lepot - Wheelie bike adventures","robots":{"index":"index","follow":"follow","max-snippet":"max-snippet:-1","max-image-preview":"max-image-preview:large","max-video-preview":"max-video-preview:-1"},"canonical":"https:\/\/www.wheelie-bikeadventures.com\/sl\/vodene-ture\/dozivetje-narave-in-dediscine\/","og_locale":"sl_SI","og_type":"article","og_title":"Po poteh dedi\u0161\u010dine in naravnih lepot - Wheelie bike adventures","og_description":"Po poteh dedi\u0161\u010dine in naravnih lepot &nbsp; I\u0161\u010dete celodnevno turo, ki ponuja ve\u010d kot le poti po brezpotjih? Ta e-kolesarska pustolov\u0161\u010dina vas popelje globoko v slikovito cerkljansko hribovje, kjer se razgibano terensko kolesarjenje prepleta z osupljivimi razgledi, bogato zgodovino in pristno lokalno kulinariko. Od panoramskega razgledi\u0161\u010da na \u0160ebreljah in skrivnostnih energijskih to\u010dk pri cerkvi Sv. [&hellip;]","og_url":"https:\/\/www.wheelie-bikeadventures.com\/sl\/vodene-ture\/dozivetje-narave-in-dediscine\/","og_site_name":"Wheelie bike adventures","article_publisher":"https:\/\/www.facebook.com\/profile.php?id=61573294106154","article_modified_time":"2025-07-13T13:32:02+00:00","twitter_card":"summary_large_image","twitter_misc":{"Est. reading time":"6 minut"},"schema":{"@context":"https:\/\/schema.org","@graph":[{"@type":"WebPage","@id":"https:\/\/www.wheelie-bikeadventures.com\/sl\/vodene-ture\/dozivetje-narave-in-dediscine\/","url":"https:\/\/www.wheelie-bikeadventures.com\/sl\/vodene-ture\/dozivetje-narave-in-dediscine\/","name":"Po poteh dedi\u0161\u010dine in naravnih lepot - Wheelie bike adventures","isPartOf":{"@id":"https:\/\/www.wheelie-bikeadventures.com\/sl\/#website"},"datePublished":"2025-07-02T13:09:24+00:00","dateModified":"2025-07-13T13:32:02+00:00","breadcrumb":{"@id":"https:\/\/www.wheelie-bikeadventures.com\/sl\/vodene-ture\/dozivetje-narave-in-dediscine\/#breadcrumb"},"inLanguage":"sl-SI","potentialAction":[{"@type":"ReadAction","target":["https:\/\/www.wheelie-bikeadventures.com\/sl\/vodene-ture\/dozivetje-narave-in-dediscine\/"]}]},{"@type":"BreadcrumbList","@id":"https:\/\/www.wheelie-bikeadventures.com\/sl\/vodene-ture\/dozivetje-narave-in-dediscine\/#breadcrumb","itemListElement":[{"@type":"ListItem","position":1,"name":"Home","item":"https:\/\/www.wheelie-bikeadventures.com\/sl\/domov\/"},{"@type":"ListItem","position":2,"name":"Vodene ture","item":"https:\/\/www.wheelie-bikeadventures.com\/sl\/vodene-ture\/"},{"@type":"ListItem","position":3,"name":"Po poteh dedi\u0161\u010dine in naravnih lepot"}]},{"@type":"WebSite","@id":"https:\/\/www.wheelie-bikeadventures.com\/sl\/#website","url":"https:\/\/www.wheelie-bikeadventures.com\/sl\/","name":"Wheelie bike adventures","description":"","publisher":{"@id":"https:\/\/www.wheelie-bikeadventures.com\/sl\/#organization"},"alternateName":"wheelie","potentialAction":[{"@type":"SearchAction","target":{"@type":"EntryPoint","urlTemplate":"https:\/\/www.wheelie-bikeadventures.com\/sl\/?s={search_term_string}"},"query-input":{"@type":"PropertyValueSpecification","valueRequired":true,"valueName":"search_term_string"}}],"inLanguage":"sl-SI"},{"@type":"Organization","@id":"https:\/\/www.wheelie-bikeadventures.com\/sl\/#organization","name":"Wheelie bike adventures","url":"https:\/\/www.wheelie-bikeadventures.com\/sl\/","logo":{"@type":"ImageObject","inLanguage":"sl-SI","@id":"https:\/\/www.wheelie-bikeadventures.com\/sl\/#\/schema\/logo\/image\/","url":"https:\/\/www.wheelie-bikeadventures.com\/wp-content\/uploads\/2025\/06\/WheelieBikeAdventures_logo_beige.png","contentUrl":"https:\/\/www.wheelie-bikeadventures.com\/wp-content\/uploads\/2025\/06\/WheelieBikeAdventures_logo_beige.png","width":500,"height":219,"caption":"Wheelie bike adventures"},"image":{"@id":"https:\/\/www.wheelie-bikeadventures.com\/sl\/#\/schema\/logo\/image\/"},"sameAs":["https:\/\/www.facebook.com\/profile.php?id=61573294106154","https:\/\/www.instagram.com\/wheelie_bikeadventures\/","https:\/\/www.tiktok.com\/@wheelie.bike.adve"]}]}},"_links":{"self":[{"href":"https:\/\/www.wheelie-bikeadventures.com\/sl\/wp-json\/wp\/v2\/pages\/597","targetHints":{"allow":["GET"]}}],"collection":[{"href":"https:\/\/www.wheelie-bikeadventures.com\/sl\/wp-json\/wp\/v2\/pages"}],"about":[{"href":"https:\/\/www.wheelie-bikeadventures.com\/sl\/wp-json\/wp\/v2\/types\/page"}],"author":[{"embeddable":true,"href":"https:\/\/www.wheelie-bikeadventures.com\/sl\/wp-json\/wp\/v2\/users\/2"}],"replies":[{"embeddable":true,"href":"https:\/\/www.wheelie-bikeadventures.com\/sl\/wp-json\/wp\/v2\/comments?post=597"}],"version-history":[{"count":25,"href":"https:\/\/www.wheelie-bikeadventures.com\/sl\/wp-json\/wp\/v2\/pages\/597\/revisions"}],"predecessor-version":[{"id":905,"href":"https:\/\/www.wheelie-bikeadventures.com\/sl\/wp-json\/wp\/v2\/pages\/597\/revisions\/905"}],"up":[{"embeddable":true,"href":"https:\/\/www.wheelie-bikeadventures.com\/sl\/wp-json\/wp\/v2\/pages\/567"}],"wp:attachment":[{"href":"https:\/\/www.wheelie-bikeadventures.com\/sl\/wp-json\/wp\/v2\/media?parent=597"}],"curies":[{"name":"wp","href":"https:\/\/api.w.org\/{rel}","templated":true}]}}