{"id":591,"date":"2025-07-02T19:10:40","date_gmt":"2025-07-02T19:10:40","guid":{"rendered":"https:\/\/www.wheelie-bikeadventures.com\/vodene-ture\/ture-po-meri\/"},"modified":"2025-07-13T13:41:25","modified_gmt":"2025-07-13T13:41:25","slug":"ture-po-meri","status":"publish","type":"page","link":"https:\/\/www.wheelie-bikeadventures.com\/sl\/vodene-ture\/ture-po-meri\/","title":{"rendered":"Ture po meri"},"content":{"rendered":"<p>[et_pb_section fb_built=&#8221;1&#8243; disabled_on=&#8221;on|on|off&#8221; _builder_version=&#8221;4.27.4&#8243; _module_preset=&#8221;default&#8221; background_color=&#8221;#FCE5D5&#8243; custom_padding=&#8221;115px||38px||false|false&#8221; locked=&#8221;off&#8221; global_colors_info=&#8221;{}&#8221;][et_pb_row column_structure=&#8221;1_2,1_2&#8243; _builder_version=&#8221;4.27.4&#8243; _module_preset=&#8221;default&#8221; global_colors_info=&#8221;{}&#8221;][et_pb_column type=&#8221;1_2&#8243; _builder_version=&#8221;4.27.4&#8243; _module_preset=&#8221;default&#8221; global_colors_info=&#8221;{}&#8221;][et_pb_text _builder_version=&#8221;4.27.4&#8243; _module_preset=&#8221;default&#8221; text_font=&#8221;|600|||||||&#8221; text_text_color=&#8221;#C2263A&#8221; text_font_size=&#8221;17px&#8221; header_text_color=&#8221;#C2263A&#8221; global_colors_info=&#8221;{}&#8221;]<\/p>\n<h1>Ture po meri<\/h1>\n<p><b>Pustolov\u0161\u010dina, po va\u0161i meri<\/b><\/p>\n<p><span>I\u0161\u010dete nekaj izven ustaljenih poti? Na\u0161e ture z e-kolesi po meri so popolnoma prilagojene vam. Naj bo to miren pobeg v naravo ali spro\u0161\u010dena dru\u017einska vo\u017enja, ture lahko prilagodimo va\u0161emu ritmu in \u017eeljam.<\/span><\/p>\n<p><span>Od zahtevnih vzponov do skritih kulturnih biserov, lokalnih kulinari\u010dnih do\u017eivetij in slikovitih poti, ki jih ni na turisti\u010dnih zemljevidih. Skupaj bomo ustvarili popolno turo, prilagojeno prav vam.<\/span><\/p>\n<p><span>Kontaktirajte nas in skupaj bomo na\u010drtovali va\u0161o idealno pustolov\u0161\u010dino.<\/span><\/p>\n<p><span><\/span><\/p>\n<p><span><\/span><\/p>\n<h4>Cenik<\/h4>\n<p><strong><\/strong><\/p>\n<p>Vse ture vklju\u010dujejo strokovnega lokalnega vodnika, e-kolo, \u010delado in osnovno opremo.<\/p>\n<p><strong>Tura po meri<\/strong> (trajanje: po dogovoru): <strong>od 85\u202f\u20ac\/dan<\/strong><br \/><strong><\/strong><\/p>\n<p>[\/et_pb_text][et_pb_button button_url=&#8221;@ET-DC@eyJkeW5hbWljIjp0cnVlLCJjb250ZW50IjoicG9zdF9saW5rX3VybF9wYWdlIiwic2V0dGluZ3MiOnsicG9zdF9pZCI6IjY3MCJ9fQ==@&#8221; button_text=&#8221;Kontaktirajte nas za ve\u010d informacij&#8221; _builder_version=&#8221;4.27.4&#8243; _dynamic_attributes=&#8221;button_url&#8221; _module_preset=&#8221;default&#8221; custom_button=&#8221;on&#8221; button_text_size=&#8221;18px&#8221; button_text_color=&#8221;#FCE5D5&#8243; button_bg_color=&#8221;#C2263A&#8221; button_border_width=&#8221;0px&#8221; button_border_radius=&#8221;20px&#8221; custom_margin=&#8221;71px|||||&#8221; global_colors_info=&#8221;{}&#8221;][\/et_pb_button][\/et_pb_column][et_pb_column type=&#8221;1_2&#8243; _builder_version=&#8221;4.27.4&#8243; _module_preset=&#8221;default&#8221; global_colors_info=&#8221;{}&#8221;][et_pb_image src=&#8221;https:\/\/www.wheelie-bikeadventures.com\/wp-content\/uploads\/2025\/06\/WheelieBikeAdventures_razgled.jpg&#8221; title_text=&#8221;WheelieBikeAdventures_razgled&#8221; _builder_version=&#8221;4.27.4&#8243; _module_preset=&#8221;default&#8221; global_colors_info=&#8221;{}&#8221;][\/et_pb_image][\/et_pb_column][\/et_pb_row][\/et_pb_section][et_pb_section fb_built=&#8221;1&#8243; disabled_on=&#8221;off|off|on&#8221; _builder_version=&#8221;4.27.4&#8243; _module_preset=&#8221;default&#8221; background_color=&#8221;#FCE5D5&#8243; custom_padding=&#8221;10px||7px||false|false&#8221; locked=&#8221;off&#8221; global_colors_info=&#8221;{}&#8221;][et_pb_row _builder_version=&#8221;4.27.4&#8243; _module_preset=&#8221;default&#8221; custom_padding=&#8221;||6px|||&#8221; global_colors_info=&#8221;{}&#8221;][et_pb_column type=&#8221;4_4&#8243; _builder_version=&#8221;4.27.4&#8243; _module_preset=&#8221;default&#8221; global_colors_info=&#8221;{}&#8221;][et_pb_text _builder_version=&#8221;4.27.4&#8243; _module_preset=&#8221;default&#8221; text_font=&#8221;|600|||||||&#8221; text_text_color=&#8221;#C2263A&#8221; text_font_size=&#8221;17px&#8221; header_text_color=&#8221;#C2263A&#8221; global_colors_info=&#8221;{}&#8221;]<\/p>\n<h1>Ture po meri<\/h1>\n<p><b>Pustolov\u0161\u010dina, po va\u0161i meri<\/b><\/p>\n<p>E-kolesarske ture, prilagojene va\u0161im \u017eeljam. Naj bo to spro\u0161\u010den pobeg ali dru\u017einska tura, prilagodimo jo va\u0161emu tempu in zanimanjem.<\/p>\n<p>Od vznemirljivih vzponov do skritih biserov in pristnih lokalnih okusov, popolna tura vas \u017ee \u010daka.<\/p>\n<p>Pi\u0161ite nam in skupaj bomo na\u010drtovali va\u0161o avanturo.<\/p>\n<h3>Cenik:<\/h3>\n<p>Vse ture vklju\u010dujejo strokovnega lokalnega vodnika, e-kolo, \u010delado in osnovno opremo.<\/p>\n<p>Tura po meri (trajanje: po dogovoru): od 85\u202f\u20ac\/dan[\/et_pb_text][et_pb_button button_url=&#8221;@ET-DC@eyJkeW5hbWljIjp0cnVlLCJjb250ZW50IjoicG9zdF9saW5rX3VybF9wYWdlIiwic2V0dGluZ3MiOnsicG9zdF9pZCI6IjY3MCJ9fQ==@&#8221; button_text=&#8221;Kontaktirajte nas za ve\u010d informacij&#8221; _builder_version=&#8221;4.27.4&#8243; _dynamic_attributes=&#8221;button_url&#8221; _module_preset=&#8221;default&#8221; custom_button=&#8221;on&#8221; button_text_size=&#8221;15px&#8221; button_text_color=&#8221;#FCE5D5&#8243; button_bg_color=&#8221;#C2263A&#8221; button_border_width=&#8221;0px&#8221; button_border_radius=&#8221;20px&#8221; custom_margin=&#8221;6px|||||&#8221; global_colors_info=&#8221;{}&#8221;][\/et_pb_button][\/et_pb_column][\/et_pb_row][\/et_pb_section][et_pb_section fb_built=&#8221;1&#8243; disabled_on=&#8221;off|off|on&#8221; _builder_version=&#8221;4.27.4&#8243; _module_preset=&#8221;default&#8221; custom_margin=&#8221;0px||0px||false|false&#8221; custom_padding=&#8221;0px||0px||false|false&#8221; locked=&#8221;off&#8221; global_colors_info=&#8221;{}&#8221;][et_pb_row use_custom_gutter=&#8221;on&#8221; gutter_width=&#8221;1&#8243; _builder_version=&#8221;4.27.4&#8243; _module_preset=&#8221;default&#8221; width=&#8221;100%&#8221; max_width=&#8221;100%&#8221; custom_margin=&#8221;0px||0px||false|false&#8221; custom_padding=&#8221;0px||0px||false|false&#8221; global_colors_info=&#8221;{}&#8221;][et_pb_column type=&#8221;4_4&#8243; _builder_version=&#8221;4.27.4&#8243; _module_preset=&#8221;default&#8221; global_colors_info=&#8221;{}&#8221;][et_pb_image src=&#8221;https:\/\/www.wheelie-bikeadventures.com\/wp-content\/uploads\/2025\/06\/WheelieBikeAdventures_bg_01.jpg&#8221; title_text=&#8221;WheelieBikeAdventures_bg_01&#8243; _builder_version=&#8221;4.27.4&#8243; _module_preset=&#8221;default&#8221; global_colors_info=&#8221;{}&#8221;][\/et_pb_image][\/et_pb_column][\/et_pb_row][\/et_pb_section]<\/p>\n","protected":false},"excerpt":{"rendered":"<p>Ture po meri Pustolov\u0161\u010dina, po va\u0161i meri I\u0161\u010dete nekaj izven ustaljenih poti? Na\u0161e ture z e-kolesi po meri so popolnoma prilagojene vam. Naj bo to miren pobeg v naravo ali spro\u0161\u010dena dru\u017einska vo\u017enja, ture lahko prilagodimo va\u0161emu ritmu in \u017eeljam. Od zahtevnih vzponov do skritih kulturnih biserov, lokalnih kulinari\u010dnih do\u017eivetij in slikovitih poti, ki jih [&hellip;]<\/p>\n","protected":false},"author":2,"featured_media":0,"parent":567,"menu_order":0,"comment_status":"closed","ping_status":"closed","template":"","meta":{"_et_pb_use_builder":"on","_et_pb_old_content":"","_et_gb_content_width":"","footnotes":""},"class_list":["post-591","page","type-page","status-publish","hentry"],"yoast_head":"<!-- This site is optimized with the Yoast SEO plugin v25.6 - https:\/\/yoast.com\/wordpress\/plugins\/seo\/ -->\n<title>Ture po meri - Wheelie bike adventures<\/title>\n<meta name=\"robots\" content=\"index, follow, max-snippet:-1, max-image-preview:large, max-video-preview:-1\" \/>\n<link rel=\"canonical\" href=\"https:\/\/www.wheelie-bikeadventures.com\/sl\/vodene-ture\/ture-po-meri\/\" \/>\n<meta property=\"og:locale\" content=\"sl_SI\" \/>\n<meta property=\"og:type\" content=\"article\" \/>\n<meta property=\"og:title\" content=\"Ture po meri - Wheelie bike adventures\" \/>\n<meta property=\"og:description\" content=\"Ture po meri Pustolov\u0161\u010dina, po va\u0161i meri I\u0161\u010dete nekaj izven ustaljenih poti? Na\u0161e ture z e-kolesi po meri so popolnoma prilagojene vam. Naj bo to miren pobeg v naravo ali spro\u0161\u010dena dru\u017einska vo\u017enja, ture lahko prilagodimo va\u0161emu ritmu in \u017eeljam. Od zahtevnih vzponov do skritih kulturnih biserov, lokalnih kulinari\u010dnih do\u017eivetij in slikovitih poti, ki jih [&hellip;]\" \/>\n<meta property=\"og:url\" content=\"https:\/\/www.wheelie-bikeadventures.com\/sl\/vodene-ture\/ture-po-meri\/\" \/>\n<meta property=\"og:site_name\" content=\"Wheelie bike adventures\" \/>\n<meta property=\"article:publisher\" content=\"https:\/\/www.facebook.com\/profile.php?id=61573294106154\" \/>\n<meta property=\"article:modified_time\" content=\"2025-07-13T13:41:25+00:00\" \/>\n<meta name=\"twitter:card\" content=\"summary_large_image\" \/>\n<meta name=\"twitter:label1\" content=\"Est. reading time\" \/>\n\t<meta name=\"twitter:data1\" content=\"3 minute\" \/>\n<script type=\"application\/ld+json\" class=\"yoast-schema-graph\">{\"@context\":\"https:\/\/schema.org\",\"@graph\":[{\"@type\":\"WebPage\",\"@id\":\"https:\/\/www.wheelie-bikeadventures.com\/sl\/vodene-ture\/ture-po-meri\/\",\"url\":\"https:\/\/www.wheelie-bikeadventures.com\/sl\/vodene-ture\/ture-po-meri\/\",\"name\":\"Ture po meri - Wheelie bike adventures\",\"isPartOf\":{\"@id\":\"https:\/\/www.wheelie-bikeadventures.com\/sl\/#website\"},\"datePublished\":\"2025-07-02T19:10:40+00:00\",\"dateModified\":\"2025-07-13T13:41:25+00:00\",\"breadcrumb\":{\"@id\":\"https:\/\/www.wheelie-bikeadventures.com\/sl\/vodene-ture\/ture-po-meri\/#breadcrumb\"},\"inLanguage\":\"sl-SI\",\"potentialAction\":[{\"@type\":\"ReadAction\",\"target\":[\"https:\/\/www.wheelie-bikeadventures.com\/sl\/vodene-ture\/ture-po-meri\/\"]}]},{\"@type\":\"BreadcrumbList\",\"@id\":\"https:\/\/www.wheelie-bikeadventures.com\/sl\/vodene-ture\/ture-po-meri\/#breadcrumb\",\"itemListElement\":[{\"@type\":\"ListItem\",\"position\":1,\"name\":\"Home\",\"item\":\"https:\/\/www.wheelie-bikeadventures.com\/sl\/domov\/\"},{\"@type\":\"ListItem\",\"position\":2,\"name\":\"Vodene ture\",\"item\":\"https:\/\/www.wheelie-bikeadventures.com\/sl\/vodene-ture\/\"},{\"@type\":\"ListItem\",\"position\":3,\"name\":\"Ture po meri\"}]},{\"@type\":\"WebSite\",\"@id\":\"https:\/\/www.wheelie-bikeadventures.com\/sl\/#website\",\"url\":\"https:\/\/www.wheelie-bikeadventures.com\/sl\/\",\"name\":\"Wheelie bike adventures\",\"description\":\"\",\"publisher\":{\"@id\":\"https:\/\/www.wheelie-bikeadventures.com\/sl\/#organization\"},\"alternateName\":\"wheelie\",\"potentialAction\":[{\"@type\":\"SearchAction\",\"target\":{\"@type\":\"EntryPoint\",\"urlTemplate\":\"https:\/\/www.wheelie-bikeadventures.com\/sl\/?s={search_term_string}\"},\"query-input\":{\"@type\":\"PropertyValueSpecification\",\"valueRequired\":true,\"valueName\":\"search_term_string\"}}],\"inLanguage\":\"sl-SI\"},{\"@type\":\"Organization\",\"@id\":\"https:\/\/www.wheelie-bikeadventures.com\/sl\/#organization\",\"name\":\"Wheelie bike adventures\",\"url\":\"https:\/\/www.wheelie-bikeadventures.com\/sl\/\",\"logo\":{\"@type\":\"ImageObject\",\"inLanguage\":\"sl-SI\",\"@id\":\"https:\/\/www.wheelie-bikeadventures.com\/sl\/#\/schema\/logo\/image\/\",\"url\":\"https:\/\/www.wheelie-bikeadventures.com\/wp-content\/uploads\/2025\/06\/WheelieBikeAdventures_logo_beige.png\",\"contentUrl\":\"https:\/\/www.wheelie-bikeadventures.com\/wp-content\/uploads\/2025\/06\/WheelieBikeAdventures_logo_beige.png\",\"width\":500,\"height\":219,\"caption\":\"Wheelie bike adventures\"},\"image\":{\"@id\":\"https:\/\/www.wheelie-bikeadventures.com\/sl\/#\/schema\/logo\/image\/\"},\"sameAs\":[\"https:\/\/www.facebook.com\/profile.php?id=61573294106154\",\"https:\/\/www.instagram.com\/wheelie_bikeadventures\/\",\"https:\/\/www.tiktok.com\/@wheelie.bike.adve\"]}]}<\/script>\n<!-- \/ Yoast SEO plugin. -->","yoast_head_json":{"title":"Ture po meri - Wheelie bike adventures","robots":{"index":"index","follow":"follow","max-snippet":"max-snippet:-1","max-image-preview":"max-image-preview:large","max-video-preview":"max-video-preview:-1"},"canonical":"https:\/\/www.wheelie-bikeadventures.com\/sl\/vodene-ture\/ture-po-meri\/","og_locale":"sl_SI","og_type":"article","og_title":"Ture po meri - Wheelie bike adventures","og_description":"Ture po meri Pustolov\u0161\u010dina, po va\u0161i meri I\u0161\u010dete nekaj izven ustaljenih poti? Na\u0161e ture z e-kolesi po meri so popolnoma prilagojene vam. Naj bo to miren pobeg v naravo ali spro\u0161\u010dena dru\u017einska vo\u017enja, ture lahko prilagodimo va\u0161emu ritmu in \u017eeljam. Od zahtevnih vzponov do skritih kulturnih biserov, lokalnih kulinari\u010dnih do\u017eivetij in slikovitih poti, ki jih [&hellip;]","og_url":"https:\/\/www.wheelie-bikeadventures.com\/sl\/vodene-ture\/ture-po-meri\/","og_site_name":"Wheelie bike adventures","article_publisher":"https:\/\/www.facebook.com\/profile.php?id=61573294106154","article_modified_time":"2025-07-13T13:41:25+00:00","twitter_card":"summary_large_image","twitter_misc":{"Est. reading time":"3 minute"},"schema":{"@context":"https:\/\/schema.org","@graph":[{"@type":"WebPage","@id":"https:\/\/www.wheelie-bikeadventures.com\/sl\/vodene-ture\/ture-po-meri\/","url":"https:\/\/www.wheelie-bikeadventures.com\/sl\/vodene-ture\/ture-po-meri\/","name":"Ture po meri - Wheelie bike adventures","isPartOf":{"@id":"https:\/\/www.wheelie-bikeadventures.com\/sl\/#website"},"datePublished":"2025-07-02T19:10:40+00:00","dateModified":"2025-07-13T13:41:25+00:00","breadcrumb":{"@id":"https:\/\/www.wheelie-bikeadventures.com\/sl\/vodene-ture\/ture-po-meri\/#breadcrumb"},"inLanguage":"sl-SI","potentialAction":[{"@type":"ReadAction","target":["https:\/\/www.wheelie-bikeadventures.com\/sl\/vodene-ture\/ture-po-meri\/"]}]},{"@type":"BreadcrumbList","@id":"https:\/\/www.wheelie-bikeadventures.com\/sl\/vodene-ture\/ture-po-meri\/#breadcrumb","itemListElement":[{"@type":"ListItem","position":1,"name":"Home","item":"https:\/\/www.wheelie-bikeadventures.com\/sl\/domov\/"},{"@type":"ListItem","position":2,"name":"Vodene ture","item":"https:\/\/www.wheelie-bikeadventures.com\/sl\/vodene-ture\/"},{"@type":"ListItem","position":3,"name":"Ture po meri"}]},{"@type":"WebSite","@id":"https:\/\/www.wheelie-bikeadventures.com\/sl\/#website","url":"https:\/\/www.wheelie-bikeadventures.com\/sl\/","name":"Wheelie bike adventures","description":"","publisher":{"@id":"https:\/\/www.wheelie-bikeadventures.com\/sl\/#organization"},"alternateName":"wheelie","potentialAction":[{"@type":"SearchAction","target":{"@type":"EntryPoint","urlTemplate":"https:\/\/www.wheelie-bikeadventures.com\/sl\/?s={search_term_string}"},"query-input":{"@type":"PropertyValueSpecification","valueRequired":true,"valueName":"search_term_string"}}],"inLanguage":"sl-SI"},{"@type":"Organization","@id":"https:\/\/www.wheelie-bikeadventures.com\/sl\/#organization","name":"Wheelie bike adventures","url":"https:\/\/www.wheelie-bikeadventures.com\/sl\/","logo":{"@type":"ImageObject","inLanguage":"sl-SI","@id":"https:\/\/www.wheelie-bikeadventures.com\/sl\/#\/schema\/logo\/image\/","url":"https:\/\/www.wheelie-bikeadventures.com\/wp-content\/uploads\/2025\/06\/WheelieBikeAdventures_logo_beige.png","contentUrl":"https:\/\/www.wheelie-bikeadventures.com\/wp-content\/uploads\/2025\/06\/WheelieBikeAdventures_logo_beige.png","width":500,"height":219,"caption":"Wheelie bike adventures"},"image":{"@id":"https:\/\/www.wheelie-bikeadventures.com\/sl\/#\/schema\/logo\/image\/"},"sameAs":["https:\/\/www.facebook.com\/profile.php?id=61573294106154","https:\/\/www.instagram.com\/wheelie_bikeadventures\/","https:\/\/www.tiktok.com\/@wheelie.bike.adve"]}]}},"_links":{"self":[{"href":"https:\/\/www.wheelie-bikeadventures.com\/sl\/wp-json\/wp\/v2\/pages\/591","targetHints":{"allow":["GET"]}}],"collection":[{"href":"https:\/\/www.wheelie-bikeadventures.com\/sl\/wp-json\/wp\/v2\/pages"}],"about":[{"href":"https:\/\/www.wheelie-bikeadventures.com\/sl\/wp-json\/wp\/v2\/types\/page"}],"author":[{"embeddable":true,"href":"https:\/\/www.wheelie-bikeadventures.com\/sl\/wp-json\/wp\/v2\/users\/2"}],"replies":[{"embeddable":true,"href":"https:\/\/www.wheelie-bikeadventures.com\/sl\/wp-json\/wp\/v2\/comments?post=591"}],"version-history":[{"count":22,"href":"https:\/\/www.wheelie-bikeadventures.com\/sl\/wp-json\/wp\/v2\/pages\/591\/revisions"}],"predecessor-version":[{"id":934,"href":"https:\/\/www.wheelie-bikeadventures.com\/sl\/wp-json\/wp\/v2\/pages\/591\/revisions\/934"}],"up":[{"embeddable":true,"href":"https:\/\/www.wheelie-bikeadventures.com\/sl\/wp-json\/wp\/v2\/pages\/567"}],"wp:attachment":[{"href":"https:\/\/www.wheelie-bikeadventures.com\/sl\/wp-json\/wp\/v2\/media?parent=591"}],"curies":[{"name":"wp","href":"https:\/\/api.w.org\/{rel}","templated":true}]}}