{"id":570,"date":"2025-06-20T14:45:02","date_gmt":"2025-06-20T14:45:02","guid":{"rendered":"https:\/\/www.wheelie-bikeadventures.com\/izposoja-koles\/"},"modified":"2025-08-03T08:35:38","modified_gmt":"2025-08-03T08:35:38","slug":"izposoja-koles","status":"publish","type":"page","link":"https:\/\/www.wheelie-bikeadventures.com\/sl\/izposoja-koles\/","title":{"rendered":"Izposoja koles"},"content":{"rendered":"<p>[et_pb_section fb_built=&#8221;1&#8243; fullwidth=&#8221;on&#8221; disabled_on=&#8221;on|on|off&#8221; _builder_version=&#8221;4.27.4&#8243; _module_preset=&#8221;default&#8221; locked=&#8221;off&#8221; global_colors_info=&#8221;{}&#8221;][et_pb_fullwidth_header title=&#8221;Odkrijte naravo po svoje, z na\u0161imi e-kolesi.&#8221; header_fullscreen=&#8221;on&#8221; header_scroll_down=&#8221;on&#8221; scroll_down_icon=&#8221;%%5%%&#8221; scroll_down_icon_color=&#8221;#FBE4D4&#8243; content_max_width=&#8221;50%&#8221; content_max_width_tablet=&#8221;100%&#8221; content_max_width_phone=&#8221;100%&#8221; content_max_width_last_edited=&#8221;on|phone&#8221; admin_label=&#8221;Fullwidth Header&#8221; _builder_version=&#8221;4.27.4&#8243; _module_preset=&#8221;default&#8221; title_font=&#8221;|800|||||||&#8221; title_text_color=&#8221;#fce5d5&#8243; title_font_size=&#8221;54px&#8221; title_line_height=&#8221;1.1em&#8221; content_text_color=&#8221;#fce5d5&#8243; content_font_size=&#8221;22px&#8221; content_line_height=&#8221;1.1em&#8221; subhead_font=&#8221;|800|||||||&#8221; subhead_text_color=&#8221;#fce5d5&#8243; subhead_font_size=&#8221;54px&#8221; subhead_line_height=&#8221;1.3em&#8221; background_image=&#8221;https:\/\/www.wheelie-bikeadventures.com\/wp-content\/uploads\/2025\/06\/WheelieBikeAdventures_-63.jpg&#8221; background_position=&#8221;bottom_left&#8221; custom_button_one=&#8221;on&#8221; button_one_text_size=&#8221;20px&#8221; button_one_text_color=&#8221;#fce5d5&#8243; button_one_bg_color=&#8221;#c2263a&#8221; button_one_border_width=&#8221;0px&#8221; button_one_border_radius=&#8221;25px&#8221; button_one_letter_spacing=&#8221;0px&#8221; button_one_font=&#8221;|800|||||||&#8221; custom_button_two=&#8221;on&#8221; button_two_text_color=&#8221;#fce5d5&#8243; button_two_bg_color=&#8221;#c2263a&#8221; button_two_border_width=&#8221;0px&#8221; button_two_border_radius=&#8221;25px&#8221; button_two_font=&#8221;|800|||||||&#8221; min_height=&#8221;600px&#8221; height=&#8221;820px&#8221; hover_enabled=&#8221;0&#8243; box_shadow_style_button_one=&#8221;preset3&#8243; box_shadow_spread_button_one=&#8221;-13px&#8221; global_colors_info=&#8221;{}&#8221; sticky_enabled=&#8221;0&#8243;]<\/p>\n<p>Bi raje sami izbrali tempo in smer? Na voljo so zmogljiva e-MTB kolesa, s katerimi bodo tudi klanci pravi u\u017eitek.<\/p>\n<p>[\/et_pb_fullwidth_header][\/et_pb_section][et_pb_section fb_built=&#8221;1&#8243; fullwidth=&#8221;on&#8221; disabled_on=&#8221;off|off|on&#8221; _builder_version=&#8221;4.27.4&#8243; _module_preset=&#8221;default&#8221; locked=&#8221;off&#8221; global_colors_info=&#8221;{}&#8221;][et_pb_fullwidth_header title=&#8221;Odkrijte naravo po svoje, z na\u0161imi e-kolesi.&#8221; button_one_url=&#8221;#more_tours&#8221; content_max_width_tablet=&#8221;100%&#8221; content_max_width_phone=&#8221;100%&#8221; content_max_width_last_edited=&#8221;on|phone&#8221; admin_label=&#8221;Fullwidth Header&#8221; _builder_version=&#8221;4.27.4&#8243; _module_preset=&#8221;default&#8221; title_font=&#8221;|800|||||||&#8221; title_text_color=&#8221;#fce5d5&#8243; title_font_size=&#8221;36px&#8221; content_font=&#8221;||||||||&#8221; content_text_color=&#8221;#fce5d5&#8243; content_font_size=&#8221;22px&#8221; content_line_height=&#8221;1.1em&#8221; subhead_font=&#8221;|800|||||||&#8221; subhead_text_color=&#8221;#fce5d5&#8243; subhead_font_size=&#8221;54px&#8221; subhead_line_height=&#8221;1.3em&#8221; background_image=&#8221;https:\/\/www.wheelie-bikeadventures.com\/wp-content\/uploads\/2025\/06\/WheelieBikeAdventures_-63.jpg&#8221; background_position=&#8221;bottom_right&#8221; custom_button_one=&#8221;on&#8221; button_one_text_size=&#8221;20px&#8221; button_one_text_color=&#8221;#fce5d5&#8243; button_one_bg_color=&#8221;#c2263a&#8221; button_one_border_width=&#8221;0px&#8221; button_one_border_radius=&#8221;25px&#8221; button_one_letter_spacing=&#8221;0px&#8221; button_one_font=&#8221;|800|||||||&#8221; custom_button_two=&#8221;on&#8221; button_two_text_color=&#8221;#fce5d5&#8243; button_two_bg_color=&#8221;#c2263a&#8221; button_two_border_width=&#8221;0px&#8221; button_two_border_radius=&#8221;25px&#8221; button_two_font=&#8221;|800|||||||&#8221; height=&#8221;530px&#8221; custom_padding=&#8221;20px||||false|false&#8221; hover_enabled=&#8221;0&#8243; box_shadow_style_button_one=&#8221;preset3&#8243; box_shadow_spread_button_one=&#8221;-13px&#8221; global_colors_info=&#8221;{}&#8221; header_scroll_down=&#8221;on&#8221; scroll_down_icon_color=&#8221;#FCE5D5&#8243; scroll_down_icon=&#8221;%%5%%&#8221; sticky_enabled=&#8221;0&#8243;]<\/p>\n<p>Bi raje sami izbrali tempo in smer? Z na\u0161imi zmogljivimi e-MTB kolesi so vzponi pravi u\u017eitek.<\/p>\n<p>[\/et_pb_fullwidth_header][\/et_pb_section][et_pb_section fb_built=&#8221;1&#8243; disabled_on=&#8221;on|on|on&#8221; module_id=&#8221;rent_more&#8221; _builder_version=&#8221;4.27.4&#8243; _module_preset=&#8221;default&#8221; background_color=&#8221;#C2263A&#8221; disabled=&#8221;on&#8221; locked=&#8221;off&#8221; global_colors_info=&#8221;{}&#8221;][et_pb_row column_structure=&#8221;1_2,1_2&#8243; _builder_version=&#8221;4.27.4&#8243; _module_preset=&#8221;default&#8221; min_height=&#8221;560px&#8221; global_colors_info=&#8221;{}&#8221;][et_pb_column type=&#8221;1_2&#8243; _builder_version=&#8221;4.27.4&#8243; _module_preset=&#8221;default&#8221; global_colors_info=&#8221;{}&#8221;][et_pb_text _builder_version=&#8221;4.27.4&#8243; _module_preset=&#8221;default&#8221; text_font=&#8221;|600|||||||&#8221; text_text_color=&#8221;#fbe4d4&#8243; text_font_size=&#8221;23px&#8221; header_font=&#8221;&#8211;et_global_body_font||||||||&#8221; header_text_color=&#8221;#FBE4D4&#8243; header_font_size=&#8221;36px&#8221; header_2_font=&#8221;&#8211;et_global_body_font|800|||||||&#8221; header_2_text_color=&#8221;#FBE4D4&#8243; header_2_font_size=&#8221;34px&#8221; global_colors_info=&#8221;{}&#8221;]<\/p>\n<h2><strong>Zakaj izbrati na\u0161a e-kolesa?<\/strong><\/h2>\n<p>&nbsp;<\/p>\n<p>Dobro vzdr\u017eevana prednje vzmetena e-MTB kolesa.<\/p>\n<p><strong>Okolju prijazno potovanje:<\/strong> Razi\u0161\u010dite \u010dudovito naravo Cerkljanske brez sledi<\/p>\n<p><strong>Priporo\u010dili<\/strong> vam bomo slikovite lokalne poti, kulturne znamenitosti in skrite koti\u010dke, prilagojene va\u0161i ravni znanja.<\/p>\n<p><strong>Na<\/strong> voljo dnevni ali ve\u010d dnevni najem<\/p>\n<p>[\/et_pb_text][\/et_pb_column][et_pb_column type=&#8221;1_2&#8243; _builder_version=&#8221;4.27.4&#8243; _module_preset=&#8221;default&#8221; global_colors_info=&#8221;{}&#8221;][et_pb_image src=&#8221;https:\/\/www.wheelie-bikeadventures.com\/wp-content\/uploads\/2025\/06\/WheelieBikeAdventures_razgled.jpg&#8221; title_text=&#8221;WheelieBikeAdventures_razgled&#8221; _builder_version=&#8221;4.27.4&#8243; _module_preset=&#8221;default&#8221; global_colors_info=&#8221;{}&#8221;][\/et_pb_image][\/et_pb_column][\/et_pb_row][\/et_pb_section][et_pb_section fb_built=&#8221;1&#8243; _builder_version=&#8221;4.27.4&#8243; _module_preset=&#8221;default&#8221; background_color=&#8221;#C2263A&#8221; global_colors_info=&#8221;{}&#8221;][et_pb_row _builder_version=&#8221;4.27.4&#8243; _module_preset=&#8221;default&#8221; global_colors_info=&#8221;{}&#8221;][et_pb_column type=&#8221;4_4&#8243; _builder_version=&#8221;4.27.4&#8243; _module_preset=&#8221;default&#8221; global_colors_info=&#8221;{}&#8221;][et_pb_text _builder_version=&#8221;4.27.4&#8243; _module_preset=&#8221;default&#8221; text_font=&#8221;|600|||||||&#8221; text_text_color=&#8221;#FCE5D5&#8243; text_font_size=&#8221;18px&#8221; header_font=&#8221;&#8211;et_global_body_font||||||||&#8221; header_text_color=&#8221;#FCE5D5&#8243; header_font_size=&#8221;26px&#8221; header_2_font=&#8221;&#8211;et_global_body_font|800|||||||&#8221; header_2_text_color=&#8221;#FCE5D5&#8243; header_2_font_size=&#8221;34px&#8221; global_colors_info=&#8221;{}&#8221;]<\/p>\n<h2>Zakaj izbrati na\u0161a e-kolesa?<\/h2>\n<p>&nbsp;<\/p>\n<ul>\n<li>Dobro vzdr\u017eevana prednje vzmetena e-MTB kolesa.<\/li>\n<li>Priporo\u010dili vam bomo slikovite lokalne poti, kulturne znamenitosti in skrite koti\u010dke, prilagojene va\u0161i ravni znanja<\/li>\n<li>Na voljo celodnevni ali ve\u010ddnevni najem<\/li>\n<\/ul>\n<p>[\/et_pb_text][\/et_pb_column][\/et_pb_row][\/et_pb_section][et_pb_section fb_built=&#8221;1&#8243; disabled_on=&#8221;off|off|on&#8221; _builder_version=&#8221;4.27.4&#8243; _module_preset=&#8221;default&#8221; custom_margin=&#8221;0px||0px||false|false&#8221; custom_padding=&#8221;0px||0px||false|false&#8221; locked=&#8221;off&#8221; global_colors_info=&#8221;{}&#8221;][et_pb_row use_custom_gutter=&#8221;on&#8221; gutter_width=&#8221;1&#8243; _builder_version=&#8221;4.27.4&#8243; _module_preset=&#8221;default&#8221; width=&#8221;100%&#8221; max_width=&#8221;100%&#8221; custom_margin=&#8221;0px||0px||false|false&#8221; custom_padding=&#8221;0px||0px||false|false&#8221; global_colors_info=&#8221;{}&#8221;][et_pb_column type=&#8221;4_4&#8243; _builder_version=&#8221;4.27.4&#8243; _module_preset=&#8221;default&#8221; global_colors_info=&#8221;{}&#8221;][et_pb_image src=&#8221;https:\/\/www.wheelie-bikeadventures.com\/wp-content\/uploads\/2025\/06\/WheelieBikeAdventures_ourBikes.jpg&#8221; title_text=&#8221;WheelieBikeAdventures_ourBikes&#8221; _builder_version=&#8221;4.27.4&#8243; _module_preset=&#8221;default&#8221; global_colors_info=&#8221;{}&#8221;][\/et_pb_image][\/et_pb_column][\/et_pb_row][\/et_pb_section][et_pb_section fb_built=&#8221;1&#8243; disabled_on=&#8221;off|off|on&#8221; _builder_version=&#8221;4.27.4&#8243; _module_preset=&#8221;default&#8221; background_color=&#8221;#FBE4D4&#8243; custom_padding=&#8221;5px||5px|||&#8221; locked=&#8221;off&#8221; global_colors_info=&#8221;{}&#8221;][et_pb_row _builder_version=&#8221;4.27.4&#8243; _module_preset=&#8221;default&#8221; custom_padding=&#8221;51px||0px|||&#8221; global_colors_info=&#8221;{}&#8221;][et_pb_column type=&#8221;4_4&#8243; _builder_version=&#8221;4.27.4&#8243; _module_preset=&#8221;default&#8221; global_colors_info=&#8221;{}&#8221;][et_pb_text _builder_version=&#8221;4.27.4&#8243; _module_preset=&#8221;default&#8221; text_font=&#8221;||||||||&#8221; text_text_color=&#8221;#C2263A&#8221; text_font_size=&#8221;16px&#8221; header_font=&#8221;&#8211;et_global_body_font||||||||&#8221; header_font_size=&#8221;36px&#8221; header_2_font=&#8221;&#8211;et_global_body_font|800|||||||&#8221; header_2_font_size=&#8221;30px&#8221; global_colors_info=&#8221;{}&#8221;]<\/p>\n<h2>Cene najema e-koles<\/h2>\n<p><strong>Vrhunska e-MTB kolesa z prednjim vzmetenjem (dnevni najem vklju\u010duje \u010delado in klju\u010davnico)<\/strong><\/p>\n<p>Celodnevni najem: <strong>45\u20ac<\/strong><br \/>\n2 dnevni: <strong>80\u20ac<\/strong><br \/>\n3 + dni: <strong>35\u20ac\/day<\/strong><\/p>\n<p><strong><\/strong><br \/>\n<strong><\/strong><\/p>\n<h2>Najem vklju\u010duje:<\/h2>\n<ul>\n<li>\u010celada in varnostna oprema<\/li>\n<li>Klju\u010davnica za kolo<\/li>\n<li>Zemljevid poti in nasveti doma\u010dinov<\/li>\n<li>Polnilec za ve\u010ddnevni najem<\/li>\n<\/ul>\n<p>[\/et_pb_text][\/et_pb_column][\/et_pb_row][\/et_pb_section][et_pb_section fb_built=&#8221;1&#8243; disabled_on=&#8221;on|on|off&#8221; _builder_version=&#8221;4.27.4&#8243; _module_preset=&#8221;default&#8221; background_color=&#8221;#FBE4D4&#8243; locked=&#8221;off&#8221; global_colors_info=&#8221;{}&#8221;][et_pb_row column_structure=&#8221;1_2,1_2&#8243; _builder_version=&#8221;4.27.4&#8243; _module_preset=&#8221;default&#8221; global_colors_info=&#8221;{}&#8221;][et_pb_column type=&#8221;1_2&#8243; _builder_version=&#8221;4.27.4&#8243; _module_preset=&#8221;default&#8221; global_colors_info=&#8221;{}&#8221;][et_pb_image src=&#8221;https:\/\/www.wheelie-bikeadventures.com\/wp-content\/uploads\/2025\/06\/WheelieBikeAdventures_ourBikes.jpg&#8221; title_text=&#8221;WheelieBikeAdventures_ourBikes&#8221; disabled_on=&#8221;off|off|off&#8221; _builder_version=&#8221;4.27.4&#8243; _module_preset=&#8221;default&#8221; global_colors_info=&#8221;{}&#8221;][\/et_pb_image][\/et_pb_column][et_pb_column type=&#8221;1_2&#8243; _builder_version=&#8221;4.27.4&#8243; _module_preset=&#8221;default&#8221; global_colors_info=&#8221;{}&#8221;][et_pb_text _builder_version=&#8221;4.27.4&#8243; _module_preset=&#8221;default&#8221; text_font=&#8221;||||||||&#8221; text_text_color=&#8221;#C2263A&#8221; text_font_size=&#8221;16px&#8221; header_font=&#8221;&#8211;et_global_body_font||||||||&#8221; header_font_size=&#8221;36px&#8221; header_2_font=&#8221;&#8211;et_global_body_font|800|||||||&#8221; header_2_font_size=&#8221;34px&#8221; global_colors_info=&#8221;{}&#8221;]<\/p>\n<h2>Cene najema e-koles<\/h2>\n<p><b><\/b><\/p>\n<p><strong>Vrhunska e-MTB kolesa z prednjim vzmetenjem (dnevni najem vklju\u010duje \u010delado in klju\u010davnico)<\/strong><\/p>\n<p>&nbsp;<\/p>\n<p>Cel dan: <strong>45\u20ac<\/strong><br \/>2 dni: <strong>80\u20ac<\/strong><br \/>3+ dni: <strong>35\u20ac\/dan<\/strong><\/p>\n<p>&nbsp;<\/p>\n<h2>Najem vklju\u010duje:<\/h2>\n<p>&nbsp;<\/p>\n<ul>\n<li>\u010celada in varnostna oprema<\/li>\n<li>Klju\u010davnica za kolo<\/li>\n<li>Zemljevid poti in nasveti doma\u010dinov<\/li>\n<li>Polnilec za ve\u010ddnevni najem<\/li>\n<\/ul>\n<p>[\/et_pb_text][\/et_pb_column][\/et_pb_row][\/et_pb_section][et_pb_section fb_built=&#8221;1&#8243; _builder_version=&#8221;4.27.4&#8243; _module_preset=&#8221;default&#8221; background_color=&#8221;#C2263A&#8221; custom_margin=&#8221;35px|||||&#8221; custom_padding=&#8221;30px|||||&#8221; global_colors_info=&#8221;{}&#8221;][et_pb_row disabled_on=&#8221;off|off|on&#8221; _builder_version=&#8221;4.27.4&#8243; _module_preset=&#8221;default&#8221; global_colors_info=&#8221;{}&#8221;][et_pb_column type=&#8221;4_4&#8243; _builder_version=&#8221;4.27.4&#8243; _module_preset=&#8221;default&#8221; global_colors_info=&#8221;{}&#8221;][et_pb_text _builder_version=&#8221;4.27.4&#8243; _module_preset=&#8221;default&#8221; text_font=&#8221;||||||||&#8221; text_text_color=&#8221;#FCE5D5&#8243; text_font_size=&#8221;21px&#8221; text_line_height=&#8221;1.2em&#8221; link_text_color=&#8221;#FCE5D5&#8243; header_font=&#8221;&#8211;et_global_body_font||||||||&#8221; header_text_color=&#8221;#AA2036&#8243; header_font_size=&#8221;36px&#8221; header_2_font=&#8221;&#8211;et_global_body_font|800|||||||&#8221; header_2_text_color=&#8221;#AA2036&#8243; header_2_font_size=&#8221;34px&#8221; global_colors_info=&#8221;{}&#8221;]<\/p>\n<p><strong>Za ve\u010dje skupine se prosimo obrnite na nas vnaprej,<br \/>da zagotovimo razpolo\u017eljivost.<\/strong><\/p>\n<p>Za ve\u010d informacij nas kontaktirajte na:<br \/>tel: <strong>+386 31 385 288 <\/strong>(WhatsApp &amp; Viber)<br \/>email: <strong>info@wheelie-bikeadventures.com<\/strong><\/p>\n<p>[\/et_pb_text][\/et_pb_column][\/et_pb_row][et_pb_row disabled_on=&#8221;on|on|off&#8221; _builder_version=&#8221;4.27.4&#8243; _module_preset=&#8221;default&#8221; global_colors_info=&#8221;{}&#8221;][et_pb_column type=&#8221;4_4&#8243; _builder_version=&#8221;4.27.4&#8243; _module_preset=&#8221;default&#8221; global_colors_info=&#8221;{}&#8221;][et_pb_text _builder_version=&#8221;4.27.4&#8243; _module_preset=&#8221;default&#8221; text_font=&#8221;||||||||&#8221; text_text_color=&#8221;#FCE5D5&#8243; text_font_size=&#8221;26px&#8221; text_line_height=&#8221;1.2em&#8221; link_text_color=&#8221;#FCE5D5&#8243; header_font=&#8221;&#8211;et_global_body_font||||||||&#8221; header_text_color=&#8221;#AA2036&#8243; header_font_size=&#8221;36px&#8221; header_2_font=&#8221;&#8211;et_global_body_font|800|||||||&#8221; header_2_text_color=&#8221;#AA2036&#8243; header_2_font_size=&#8221;34px&#8221; global_colors_info=&#8221;{}&#8221;]<\/p>\n<p><strong>Za ve\u010dje skupine se prosimo obrnite na nas vnaprej,<br \/>da zagotovimo razpolo\u017eljivost.<\/strong><\/p>\n<p>Za ve\u010d informacij nas kontaktirajte na:<br \/>tel: <strong>+386 31 385 288 <\/strong>(WhatsApp &amp; Viber)<br \/>email: <strong>info@wheelie-bikeadventures.com<\/strong><\/p>\n<p>[\/et_pb_text][\/et_pb_column][\/et_pb_row][\/et_pb_section]<\/p>\n","protected":false},"excerpt":{"rendered":"<p>Bi raje sami izbrali tempo in smer? Na voljo so zmogljiva e-MTB kolesa, s katerimi bodo tudi klanci pravi u\u017eitek.Bi raje sami izbrali tempo in smer? Z na\u0161imi zmogljivimi e-MTB kolesi so vzponi pravi u\u017eitek.Zakaj izbrati na\u0161a e-kolesa? &nbsp; Dobro vzdr\u017eevana prednje vzmetena e-MTB kolesa. Okolju prijazno potovanje: Razi\u0161\u010dite \u010dudovito naravo Cerkljanske brez sledi Priporo\u010dili [&hellip;]<\/p>\n","protected":false},"author":2,"featured_media":0,"parent":0,"menu_order":0,"comment_status":"closed","ping_status":"closed","template":"","meta":{"_et_pb_use_builder":"on","_et_pb_old_content":"","_et_gb_content_width":"","footnotes":""},"class_list":["post-570","page","type-page","status-publish","hentry"],"yoast_head":"<!-- This site is optimized with the Yoast SEO plugin v25.6 - https:\/\/yoast.com\/wordpress\/plugins\/seo\/ -->\n<title>Izposoja koles - Wheelie bike adventures<\/title>\n<meta name=\"robots\" content=\"index, follow, max-snippet:-1, max-image-preview:large, max-video-preview:-1\" \/>\n<link rel=\"canonical\" href=\"https:\/\/www.wheelie-bikeadventures.com\/sl\/izposoja-koles\/\" \/>\n<meta property=\"og:locale\" content=\"sl_SI\" \/>\n<meta property=\"og:type\" content=\"article\" \/>\n<meta property=\"og:title\" content=\"Izposoja koles - Wheelie bike adventures\" \/>\n<meta property=\"og:description\" content=\"Bi raje sami izbrali tempo in smer? Na voljo so zmogljiva e-MTB kolesa, s katerimi bodo tudi klanci pravi u\u017eitek.Bi raje sami izbrali tempo in smer? Z na\u0161imi zmogljivimi e-MTB kolesi so vzponi pravi u\u017eitek.Zakaj izbrati na\u0161a e-kolesa? &nbsp; Dobro vzdr\u017eevana prednje vzmetena e-MTB kolesa. Okolju prijazno potovanje: Razi\u0161\u010dite \u010dudovito naravo Cerkljanske brez sledi Priporo\u010dili [&hellip;]\" \/>\n<meta property=\"og:url\" content=\"https:\/\/www.wheelie-bikeadventures.com\/sl\/izposoja-koles\/\" \/>\n<meta property=\"og:site_name\" content=\"Wheelie bike adventures\" \/>\n<meta property=\"article:publisher\" content=\"https:\/\/www.facebook.com\/profile.php?id=61573294106154\" \/>\n<meta property=\"article:modified_time\" content=\"2025-08-03T08:35:38+00:00\" \/>\n<meta name=\"twitter:card\" content=\"summary_large_image\" \/>\n<meta name=\"twitter:label1\" content=\"Est. reading time\" \/>\n\t<meta name=\"twitter:data1\" content=\"8 minut\" \/>\n<script type=\"application\/ld+json\" class=\"yoast-schema-graph\">{\"@context\":\"https:\/\/schema.org\",\"@graph\":[{\"@type\":\"WebPage\",\"@id\":\"https:\/\/www.wheelie-bikeadventures.com\/sl\/izposoja-koles\/\",\"url\":\"https:\/\/www.wheelie-bikeadventures.com\/sl\/izposoja-koles\/\",\"name\":\"Izposoja koles - Wheelie bike adventures\",\"isPartOf\":{\"@id\":\"https:\/\/www.wheelie-bikeadventures.com\/sl\/#website\"},\"datePublished\":\"2025-06-20T14:45:02+00:00\",\"dateModified\":\"2025-08-03T08:35:38+00:00\",\"breadcrumb\":{\"@id\":\"https:\/\/www.wheelie-bikeadventures.com\/sl\/izposoja-koles\/#breadcrumb\"},\"inLanguage\":\"sl-SI\",\"potentialAction\":[{\"@type\":\"ReadAction\",\"target\":[\"https:\/\/www.wheelie-bikeadventures.com\/sl\/izposoja-koles\/\"]}]},{\"@type\":\"BreadcrumbList\",\"@id\":\"https:\/\/www.wheelie-bikeadventures.com\/sl\/izposoja-koles\/#breadcrumb\",\"itemListElement\":[{\"@type\":\"ListItem\",\"position\":1,\"name\":\"Home\",\"item\":\"https:\/\/www.wheelie-bikeadventures.com\/sl\/domov\/\"},{\"@type\":\"ListItem\",\"position\":2,\"name\":\"Izposoja koles\"}]},{\"@type\":\"WebSite\",\"@id\":\"https:\/\/www.wheelie-bikeadventures.com\/sl\/#website\",\"url\":\"https:\/\/www.wheelie-bikeadventures.com\/sl\/\",\"name\":\"Wheelie bike adventures\",\"description\":\"\",\"publisher\":{\"@id\":\"https:\/\/www.wheelie-bikeadventures.com\/sl\/#organization\"},\"alternateName\":\"wheelie\",\"potentialAction\":[{\"@type\":\"SearchAction\",\"target\":{\"@type\":\"EntryPoint\",\"urlTemplate\":\"https:\/\/www.wheelie-bikeadventures.com\/sl\/?s={search_term_string}\"},\"query-input\":{\"@type\":\"PropertyValueSpecification\",\"valueRequired\":true,\"valueName\":\"search_term_string\"}}],\"inLanguage\":\"sl-SI\"},{\"@type\":\"Organization\",\"@id\":\"https:\/\/www.wheelie-bikeadventures.com\/sl\/#organization\",\"name\":\"Wheelie bike adventures\",\"url\":\"https:\/\/www.wheelie-bikeadventures.com\/sl\/\",\"logo\":{\"@type\":\"ImageObject\",\"inLanguage\":\"sl-SI\",\"@id\":\"https:\/\/www.wheelie-bikeadventures.com\/sl\/#\/schema\/logo\/image\/\",\"url\":\"https:\/\/www.wheelie-bikeadventures.com\/wp-content\/uploads\/2025\/06\/WheelieBikeAdventures_logo_beige.png\",\"contentUrl\":\"https:\/\/www.wheelie-bikeadventures.com\/wp-content\/uploads\/2025\/06\/WheelieBikeAdventures_logo_beige.png\",\"width\":500,\"height\":219,\"caption\":\"Wheelie bike adventures\"},\"image\":{\"@id\":\"https:\/\/www.wheelie-bikeadventures.com\/sl\/#\/schema\/logo\/image\/\"},\"sameAs\":[\"https:\/\/www.facebook.com\/profile.php?id=61573294106154\",\"https:\/\/www.instagram.com\/wheelie_bikeadventures\/\",\"https:\/\/www.tiktok.com\/@wheelie.bike.adve\"]}]}<\/script>\n<!-- \/ Yoast SEO plugin. -->","yoast_head_json":{"title":"Izposoja koles - Wheelie bike adventures","robots":{"index":"index","follow":"follow","max-snippet":"max-snippet:-1","max-image-preview":"max-image-preview:large","max-video-preview":"max-video-preview:-1"},"canonical":"https:\/\/www.wheelie-bikeadventures.com\/sl\/izposoja-koles\/","og_locale":"sl_SI","og_type":"article","og_title":"Izposoja koles - Wheelie bike adventures","og_description":"Bi raje sami izbrali tempo in smer? Na voljo so zmogljiva e-MTB kolesa, s katerimi bodo tudi klanci pravi u\u017eitek.Bi raje sami izbrali tempo in smer? Z na\u0161imi zmogljivimi e-MTB kolesi so vzponi pravi u\u017eitek.Zakaj izbrati na\u0161a e-kolesa? &nbsp; Dobro vzdr\u017eevana prednje vzmetena e-MTB kolesa. Okolju prijazno potovanje: Razi\u0161\u010dite \u010dudovito naravo Cerkljanske brez sledi Priporo\u010dili [&hellip;]","og_url":"https:\/\/www.wheelie-bikeadventures.com\/sl\/izposoja-koles\/","og_site_name":"Wheelie bike adventures","article_publisher":"https:\/\/www.facebook.com\/profile.php?id=61573294106154","article_modified_time":"2025-08-03T08:35:38+00:00","twitter_card":"summary_large_image","twitter_misc":{"Est. reading time":"8 minut"},"schema":{"@context":"https:\/\/schema.org","@graph":[{"@type":"WebPage","@id":"https:\/\/www.wheelie-bikeadventures.com\/sl\/izposoja-koles\/","url":"https:\/\/www.wheelie-bikeadventures.com\/sl\/izposoja-koles\/","name":"Izposoja koles - Wheelie bike adventures","isPartOf":{"@id":"https:\/\/www.wheelie-bikeadventures.com\/sl\/#website"},"datePublished":"2025-06-20T14:45:02+00:00","dateModified":"2025-08-03T08:35:38+00:00","breadcrumb":{"@id":"https:\/\/www.wheelie-bikeadventures.com\/sl\/izposoja-koles\/#breadcrumb"},"inLanguage":"sl-SI","potentialAction":[{"@type":"ReadAction","target":["https:\/\/www.wheelie-bikeadventures.com\/sl\/izposoja-koles\/"]}]},{"@type":"BreadcrumbList","@id":"https:\/\/www.wheelie-bikeadventures.com\/sl\/izposoja-koles\/#breadcrumb","itemListElement":[{"@type":"ListItem","position":1,"name":"Home","item":"https:\/\/www.wheelie-bikeadventures.com\/sl\/domov\/"},{"@type":"ListItem","position":2,"name":"Izposoja koles"}]},{"@type":"WebSite","@id":"https:\/\/www.wheelie-bikeadventures.com\/sl\/#website","url":"https:\/\/www.wheelie-bikeadventures.com\/sl\/","name":"Wheelie bike adventures","description":"","publisher":{"@id":"https:\/\/www.wheelie-bikeadventures.com\/sl\/#organization"},"alternateName":"wheelie","potentialAction":[{"@type":"SearchAction","target":{"@type":"EntryPoint","urlTemplate":"https:\/\/www.wheelie-bikeadventures.com\/sl\/?s={search_term_string}"},"query-input":{"@type":"PropertyValueSpecification","valueRequired":true,"valueName":"search_term_string"}}],"inLanguage":"sl-SI"},{"@type":"Organization","@id":"https:\/\/www.wheelie-bikeadventures.com\/sl\/#organization","name":"Wheelie bike adventures","url":"https:\/\/www.wheelie-bikeadventures.com\/sl\/","logo":{"@type":"ImageObject","inLanguage":"sl-SI","@id":"https:\/\/www.wheelie-bikeadventures.com\/sl\/#\/schema\/logo\/image\/","url":"https:\/\/www.wheelie-bikeadventures.com\/wp-content\/uploads\/2025\/06\/WheelieBikeAdventures_logo_beige.png","contentUrl":"https:\/\/www.wheelie-bikeadventures.com\/wp-content\/uploads\/2025\/06\/WheelieBikeAdventures_logo_beige.png","width":500,"height":219,"caption":"Wheelie bike adventures"},"image":{"@id":"https:\/\/www.wheelie-bikeadventures.com\/sl\/#\/schema\/logo\/image\/"},"sameAs":["https:\/\/www.facebook.com\/profile.php?id=61573294106154","https:\/\/www.instagram.com\/wheelie_bikeadventures\/","https:\/\/www.tiktok.com\/@wheelie.bike.adve"]}]}},"_links":{"self":[{"href":"https:\/\/www.wheelie-bikeadventures.com\/sl\/wp-json\/wp\/v2\/pages\/570","targetHints":{"allow":["GET"]}}],"collection":[{"href":"https:\/\/www.wheelie-bikeadventures.com\/sl\/wp-json\/wp\/v2\/pages"}],"about":[{"href":"https:\/\/www.wheelie-bikeadventures.com\/sl\/wp-json\/wp\/v2\/types\/page"}],"author":[{"embeddable":true,"href":"https:\/\/www.wheelie-bikeadventures.com\/sl\/wp-json\/wp\/v2\/users\/2"}],"replies":[{"embeddable":true,"href":"https:\/\/www.wheelie-bikeadventures.com\/sl\/wp-json\/wp\/v2\/comments?post=570"}],"version-history":[{"count":20,"href":"https:\/\/www.wheelie-bikeadventures.com\/sl\/wp-json\/wp\/v2\/pages\/570\/revisions"}],"predecessor-version":[{"id":996,"href":"https:\/\/www.wheelie-bikeadventures.com\/sl\/wp-json\/wp\/v2\/pages\/570\/revisions\/996"}],"wp:attachment":[{"href":"https:\/\/www.wheelie-bikeadventures.com\/sl\/wp-json\/wp\/v2\/media?parent=570"}],"curies":[{"name":"wp","href":"https:\/\/api.w.org\/{rel}","templated":true}]}}