{"id":567,"date":"2025-06-20T13:17:21","date_gmt":"2025-06-20T13:17:21","guid":{"rendered":"https:\/\/www.wheelie-bikeadventures.com\/vodene-ture\/"},"modified":"2025-08-03T08:34:45","modified_gmt":"2025-08-03T08:34:45","slug":"vodene-ture","status":"publish","type":"page","link":"https:\/\/www.wheelie-bikeadventures.com\/sl\/vodene-ture\/","title":{"rendered":"Vodene ture"},"content":{"rendered":"<p>[et_pb_section fb_built=&#8221;1&#8243; fullwidth=&#8221;on&#8221; disabled_on=&#8221;on|on|off&#8221; _builder_version=&#8221;4.27.4&#8243; _module_preset=&#8221;default&#8221; locked=&#8221;off&#8221; global_colors_info=&#8221;{}&#8221;][et_pb_fullwidth_header title=&#8221;Odkrijte skrite bisere Cerkljanske&#8221; header_fullscreen=&#8221;on&#8221; header_scroll_down=&#8221;on&#8221; scroll_down_icon=&#8221;%%5%%&#8221; scroll_down_icon_color=&#8221;#FBE4D4&#8243; button_one_url=&#8221;#more_tours&#8221; content_max_width=&#8221;53%&#8221; content_max_width_tablet=&#8221;100%&#8221; content_max_width_phone=&#8221;100%&#8221; content_max_width_last_edited=&#8221;on|phone&#8221; admin_label=&#8221;Fullwidth Header&#8221; _builder_version=&#8221;4.27.4&#8243; _module_preset=&#8221;default&#8221; title_font=&#8221;|800|||||||&#8221; title_text_color=&#8221;#fce5d5&#8243; title_font_size=&#8221;54px&#8221; title_line_height=&#8221;1.1em&#8221; content_font=&#8221;||||||||&#8221; content_text_color=&#8221;#fce5d5&#8243; content_font_size=&#8221;22px&#8221; content_line_height=&#8221;1.1em&#8221; subhead_font=&#8221;|800|||||||&#8221; subhead_text_color=&#8221;#fce5d5&#8243; subhead_font_size=&#8221;54px&#8221; subhead_line_height=&#8221;1.3em&#8221; background_image=&#8221;https:\/\/www.wheelie-bikeadventures.com\/wp-content\/uploads\/2025\/06\/WheelieBikeAdventures_-31.jpg&#8221; custom_button_one=&#8221;on&#8221; button_one_text_size=&#8221;20px&#8221; button_one_text_color=&#8221;#fce5d5&#8243; button_one_bg_color=&#8221;#c2263a&#8221; button_one_border_width=&#8221;0px&#8221; button_one_border_radius=&#8221;25px&#8221; button_one_letter_spacing=&#8221;0px&#8221; button_one_font=&#8221;|800|||||||&#8221; custom_button_two=&#8221;on&#8221; button_two_text_color=&#8221;#fce5d5&#8243; button_two_bg_color=&#8221;#c2263a&#8221; button_two_border_width=&#8221;0px&#8221; button_two_border_radius=&#8221;25px&#8221; button_two_font=&#8221;|800|||||||&#8221; min_height=&#8221;600px&#8221; height=&#8221;820px&#8221; hover_enabled=&#8221;0&#8243; box_shadow_style_button_one=&#8221;preset3&#8243; box_shadow_spread_button_one=&#8221;-13px&#8221; global_colors_info=&#8221;{}&#8221; sticky_enabled=&#8221;0&#8243;]<\/p>\n<p>Na\u0161e vodene ture vklju\u010dujejo vrhunska e-gorska kolesa in so zasnovane v ravnovesju med naravo, kulturo in udobjem. Izberi svojo pustolov\u0161\u010dino glede na razpolo\u017eenje in telesno prirpavljenost.<\/p>\n<p>[\/et_pb_fullwidth_header][\/et_pb_section][et_pb_section fb_built=&#8221;1&#8243; fullwidth=&#8221;on&#8221; disabled_on=&#8221;off|off|on&#8221; _builder_version=&#8221;4.27.4&#8243; _module_preset=&#8221;default&#8221; global_colors_info=&#8221;{}&#8221;][et_pb_fullwidth_header title=&#8221;Odkrijte skrite bisere Cerkljanske&#8221; button_one_url=&#8221;#more_tours&#8221; content_max_width_tablet=&#8221;100%&#8221; content_max_width_phone=&#8221;100%&#8221; content_max_width_last_edited=&#8221;on|phone&#8221; admin_label=&#8221;Fullwidth Header&#8221; _builder_version=&#8221;4.27.4&#8243; _module_preset=&#8221;default&#8221; title_font=&#8221;|800|||||||&#8221; title_text_color=&#8221;#fce5d5&#8243; title_font_size=&#8221;36px&#8221; content_font=&#8221;||||||||&#8221; content_text_color=&#8221;#fce5d5&#8243; content_font_size=&#8221;22px&#8221; content_line_height=&#8221;1.1em&#8221; subhead_font=&#8221;|800|||||||&#8221; subhead_text_color=&#8221;#fce5d5&#8243; subhead_font_size=&#8221;54px&#8221; subhead_line_height=&#8221;1.3em&#8221; background_image=&#8221;https:\/\/www.wheelie-bikeadventures.com\/wp-content\/uploads\/2025\/06\/WheelieBikeAdventures_-28.jpg&#8221; background_position=&#8221;bottom_left&#8221; custom_button_one=&#8221;on&#8221; button_one_text_size=&#8221;20px&#8221; button_one_text_color=&#8221;#fce5d5&#8243; button_one_bg_color=&#8221;#c2263a&#8221; button_one_border_width=&#8221;0px&#8221; button_one_border_radius=&#8221;25px&#8221; button_one_letter_spacing=&#8221;0px&#8221; button_one_font=&#8221;|800|||||||&#8221; custom_button_two=&#8221;on&#8221; button_two_text_color=&#8221;#fce5d5&#8243; button_two_bg_color=&#8221;#c2263a&#8221; button_two_border_width=&#8221;0px&#8221; button_two_border_radius=&#8221;25px&#8221; button_two_font=&#8221;|800|||||||&#8221; height=&#8221;530px&#8221; custom_padding=&#8221;220px||||false|false&#8221; hover_enabled=&#8221;0&#8243; box_shadow_style_button_one=&#8221;preset3&#8243; box_shadow_spread_button_one=&#8221;-13px&#8221; global_colors_info=&#8221;{}&#8221; header_scroll_down=&#8221;on&#8221; scroll_down_icon=&#8221;%%5%%&#8221; scroll_down_icon_color=&#8221;#FCE5D5&#8243; sticky_enabled=&#8221;0&#8243;]<\/p>\n<p>Na\u0161e vodene ture vklju\u010dujejo vrhunska e-MTB kolesa in izku\u0161ene vodnike, prilagojene va\u0161im \u017eeljam.<\/p>\n<p>[\/et_pb_fullwidth_header][\/et_pb_section][et_pb_section fb_built=&#8221;1&#8243; _builder_version=&#8221;4.27.4&#8243; _module_preset=&#8221;default&#8221; background_color=&#8221;#FCE5D5&#8243; global_colors_info=&#8221;{}&#8221;][et_pb_row _builder_version=&#8221;4.27.4&#8243; _module_preset=&#8221;default&#8221; global_colors_info=&#8221;{}&#8221;][et_pb_column type=&#8221;4_4&#8243; _builder_version=&#8221;4.27.4&#8243; _module_preset=&#8221;default&#8221; global_colors_info=&#8221;{}&#8221;][et_pb_text disabled_on=&#8221;on|on|off&#8221; _builder_version=&#8221;4.27.4&#8243; _module_preset=&#8221;default&#8221; header_font_size=&#8221;47px&#8221; global_colors_info=&#8221;{}&#8221;]<\/p>\n<h1>Na\u0161e ture:<\/h1>\n<p>[\/et_pb_text][et_pb_text disabled_on=&#8221;off|off|on&#8221; _builder_version=&#8221;4.27.4&#8243; _module_preset=&#8221;default&#8221; header_font_size=&#8221;47px&#8221; header_2_font_size=&#8221;30px&#8221; global_colors_info=&#8221;{}&#8221;]<\/p>\n<h2>Na\u0161e ture:<\/h2>\n<p>[\/et_pb_text][\/et_pb_column][\/et_pb_row][et_pb_row column_structure=&#8221;1_3,1_3,1_3&#8243; _builder_version=&#8221;4.27.4&#8243; _module_preset=&#8221;default&#8221; global_colors_info=&#8221;{}&#8221;][et_pb_column type=&#8221;1_3&#8243; _builder_version=&#8221;4.27.4&#8243; _module_preset=&#8221;default&#8221; global_colors_info=&#8221;{}&#8221;][et_pb_image src=&#8221;https:\/\/www.wheelie-bikeadventures.com\/wp-content\/uploads\/2025\/06\/WheelieBikeAdventures_bg_01.jpg&#8221; title_text=&#8221;WheelieBikeAdventures_bg_01&#8243; url=&#8221;@ET-DC@eyJkeW5hbWljIjp0cnVlLCJjb250ZW50IjoicG9zdF9saW5rX3VybF9wYWdlIiwic2V0dGluZ3MiOnsicG9zdF9pZCI6IjE2NiIsImVuYWJsZV9odG1sIjoib2ZmIn19@&#8221; _builder_version=&#8221;4.27.4&#8243; _dynamic_attributes=&#8221;url&#8221; _module_preset=&#8221;default&#8221; global_colors_info=&#8221;{}&#8221;][\/et_pb_image][et_pb_text _builder_version=&#8221;4.27.4&#8243; _dynamic_attributes=&#8221;link_option_url&#8221; _module_preset=&#8221;default&#8221; text_font=&#8221;||||||||&#8221; text_text_color=&#8221;#C2263A&#8221; text_font_size=&#8221;16px&#8221; header_3_font=&#8221;&#8211;et_global_body_font||||||||&#8221; custom_margin=&#8221;||||false|false&#8221; link_option_url=&#8221;@ET-DC@eyJkeW5hbWljIjp0cnVlLCJjb250ZW50IjoicG9zdF9saW5rX3VybF9wYWdlIiwic2V0dGluZ3MiOnsicG9zdF9pZCI6IjE2NiIsImVuYWJsZV9odG1sIjoib2ZmIn19@&#8221; global_colors_info=&#8221;{}&#8221;]<\/p>\n<h3>Kultura in lokalna kulinarika<\/h3>\n<p>Obisk tipi\u010dnih cerkni\u0161kih kmetij, kulinari\u010dni postanki in spoznavanje obi\u010dajev.<\/p>\n<p>[\/et_pb_text][et_pb_button button_url=&#8221;@ET-DC@eyJkeW5hbWljIjp0cnVlLCJjb250ZW50IjoicG9zdF9saW5rX3VybF9wYWdlIiwic2V0dGluZ3MiOnsicG9zdF9pZCI6IjE2NiIsImVuYWJsZV9odG1sIjoib2ZmIn19@&#8221; button_text=&#8221;Preberite ve\u010d&#8221; _builder_version=&#8221;4.27.4&#8243; _dynamic_attributes=&#8221;button_url&#8221; _module_preset=&#8221;default&#8221; custom_button=&#8221;on&#8221; button_text_size=&#8221;18px&#8221; button_text_color=&#8221;#FCE5D5&#8243; button_bg_color=&#8221;#C2263A&#8221; button_border_width=&#8221;0px&#8221; button_border_radius=&#8221;20px&#8221; global_colors_info=&#8221;{}&#8221;][\/et_pb_button][\/et_pb_column][et_pb_column type=&#8221;1_3&#8243; _builder_version=&#8221;4.27.4&#8243; _module_preset=&#8221;default&#8221; global_colors_info=&#8221;{}&#8221;][et_pb_image src=&#8221;https:\/\/www.wheelie-bikeadventures.com\/wp-content\/uploads\/2025\/06\/WheelieBikeAdventures_-63.jpg&#8221; title_text=&#8221;WheelieBikeAdventures_-63&#8243; url=&#8221;@ET-DC@eyJkeW5hbWljIjp0cnVlLCJjb250ZW50IjoicG9zdF9saW5rX3VybF9wYWdlIiwic2V0dGluZ3MiOnsicG9zdF9pZCI6IjE2OCIsImVuYWJsZV9odG1sIjoib2ZmIn19@&#8221; _builder_version=&#8221;4.27.4&#8243; _dynamic_attributes=&#8221;url&#8221; _module_preset=&#8221;default&#8221; global_colors_info=&#8221;{}&#8221;][\/et_pb_image][et_pb_text _builder_version=&#8221;4.27.4&#8243; _dynamic_attributes=&#8221;link_option_url&#8221; _module_preset=&#8221;default&#8221; text_font=&#8221;||||||||&#8221; text_text_color=&#8221;#AA2036&#8243; text_font_size=&#8221;16px&#8221; header_font=&#8221;&#8211;et_global_body_font||||||||&#8221; header_3_font=&#8221;&#8211;et_global_body_font||||||||&#8221; custom_margin=&#8221;||||false|false&#8221; link_option_url=&#8221;@ET-DC@eyJkeW5hbWljIjp0cnVlLCJjb250ZW50IjoicG9zdF9saW5rX3VybF9wYWdlIiwic2V0dGluZ3MiOnsicG9zdF9pZCI6IjE2OCIsImVuYWJsZV9odG1sIjoib2ZmIn19@&#8221; global_colors_info=&#8221;{}&#8221;]<\/p>\n<h3>Po poteh dedi\u0161\u010dine in naravnih lepot<\/h3>\n<p>Kombinacija zgodovine, narave in spektakularnih razgledov.<\/p>\n<p>[\/et_pb_text][et_pb_button button_url=&#8221;@ET-DC@eyJkeW5hbWljIjp0cnVlLCJjb250ZW50IjoicG9zdF9saW5rX3VybF9wYWdlIiwic2V0dGluZ3MiOnsicG9zdF9pZCI6IjE2OCIsImVuYWJsZV9odG1sIjoib2ZmIn19@&#8221; button_text=&#8221;Preberite ve\u010d&#8221; disabled_on=&#8221;off|off|off&#8221; _builder_version=&#8221;4.27.4&#8243; _dynamic_attributes=&#8221;button_url&#8221; _module_preset=&#8221;default&#8221; custom_button=&#8221;on&#8221; button_text_size=&#8221;18px&#8221; button_text_color=&#8221;#FCE5D5&#8243; button_bg_color=&#8221;#C2263A&#8221; button_border_width=&#8221;0px&#8221; button_border_radius=&#8221;20px&#8221; global_colors_info=&#8221;{}&#8221;][\/et_pb_button][\/et_pb_column][et_pb_column type=&#8221;1_3&#8243; _builder_version=&#8221;4.27.4&#8243; _module_preset=&#8221;default&#8221; global_colors_info=&#8221;{}&#8221;][et_pb_image src=&#8221;https:\/\/www.wheelie-bikeadventures.com\/wp-content\/uploads\/2025\/07\/WheelieBikeAdventures_-60.jpg&#8221; title_text=&#8221;WheelieBikeAdventures_-60&#8243; url=&#8221;@ET-DC@eyJkeW5hbWljIjp0cnVlLCJjb250ZW50IjoicG9zdF9saW5rX3VybF9wYWdlIiwic2V0dGluZ3MiOnsicG9zdF9pZCI6IjI4NyIsImVuYWJsZV9odG1sIjoib2ZmIn19@&#8221; _builder_version=&#8221;4.27.4&#8243; _dynamic_attributes=&#8221;url&#8221; _module_preset=&#8221;default&#8221; global_colors_info=&#8221;{}&#8221;][\/et_pb_image][et_pb_text _builder_version=&#8221;4.27.4&#8243; _dynamic_attributes=&#8221;link_option_url&#8221; _module_preset=&#8221;default&#8221; text_font=&#8221;||||||||&#8221; text_text_color=&#8221;#AA2036&#8243; text_font_size=&#8221;16px&#8221; header_3_font=&#8221;&#8211;et_global_body_font||||||||&#8221; custom_margin=&#8221;||||false|false&#8221; link_option_url=&#8221;@ET-DC@eyJkeW5hbWljIjp0cnVlLCJjb250ZW50IjoicG9zdF9saW5rX3VybF9wYWdlIiwic2V0dGluZ3MiOnsicG9zdF9pZCI6IjI4NyIsImVuYWJsZV9odG1sIjoib2ZmIn19@&#8221; global_colors_info=&#8221;{}&#8221;]<\/p>\n<h3>Ture po va\u0161i meri<\/h3>\n<p>Pustolov\u0161\u010dina po va\u0161i meri.<\/p>\n<p>[\/et_pb_text][et_pb_button button_url=&#8221;@ET-DC@eyJkeW5hbWljIjp0cnVlLCJjb250ZW50IjoicG9zdF9saW5rX3VybF9wYWdlIiwic2V0dGluZ3MiOnsicG9zdF9pZCI6IjI4NyIsImVuYWJsZV9odG1sIjoib2ZmIn19@&#8221; button_text=&#8221;Preberite ve\u010d&#8221; _builder_version=&#8221;4.27.4&#8243; _dynamic_attributes=&#8221;button_url&#8221; _module_preset=&#8221;default&#8221; custom_button=&#8221;on&#8221; button_text_size=&#8221;18px&#8221; button_text_color=&#8221;#FCE5D5&#8243; button_bg_color=&#8221;#C2263A&#8221; button_border_width=&#8221;0px&#8221; button_border_radius=&#8221;20px&#8221; global_colors_info=&#8221;{}&#8221;][\/et_pb_button][\/et_pb_column][\/et_pb_row][\/et_pb_section]<\/p>\n","protected":false},"excerpt":{"rendered":"<p>Na\u0161e vodene ture vklju\u010dujejo vrhunska e-gorska kolesa in so zasnovane v ravnovesju med naravo, kulturo in udobjem. Izberi svojo pustolov\u0161\u010dino glede na razpolo\u017eenje in telesno prirpavljenost.Na\u0161e vodene ture vklju\u010dujejo vrhunska e-MTB kolesa in izku\u0161ene vodnike, prilagojene va\u0161im \u017eeljam.Na\u0161e ture:Na\u0161e ture:Kultura in lokalna kulinarika Obisk tipi\u010dnih cerkni\u0161kih kmetij, kulinari\u010dni postanki in spoznavanje obi\u010dajev.Po poteh dedi\u0161\u010dine in [&hellip;]<\/p>\n","protected":false},"author":2,"featured_media":0,"parent":0,"menu_order":0,"comment_status":"closed","ping_status":"closed","template":"","meta":{"_et_pb_use_builder":"on","_et_pb_old_content":"","_et_gb_content_width":"","footnotes":""},"class_list":["post-567","page","type-page","status-publish","hentry"],"yoast_head":"<!-- This site is optimized with the Yoast SEO plugin v25.6 - https:\/\/yoast.com\/wordpress\/plugins\/seo\/ -->\n<title>Vodene ture - Wheelie bike adventures<\/title>\n<meta name=\"robots\" content=\"index, follow, max-snippet:-1, max-image-preview:large, max-video-preview:-1\" \/>\n<link rel=\"canonical\" href=\"https:\/\/www.wheelie-bikeadventures.com\/sl\/vodene-ture\/\" \/>\n<meta property=\"og:locale\" content=\"sl_SI\" \/>\n<meta property=\"og:type\" content=\"article\" \/>\n<meta property=\"og:title\" content=\"Vodene ture - Wheelie bike adventures\" \/>\n<meta property=\"og:description\" content=\"Na\u0161e vodene ture vklju\u010dujejo vrhunska e-gorska kolesa in so zasnovane v ravnovesju med naravo, kulturo in udobjem. Izberi svojo pustolov\u0161\u010dino glede na razpolo\u017eenje in telesno prirpavljenost.Na\u0161e vodene ture vklju\u010dujejo vrhunska e-MTB kolesa in izku\u0161ene vodnike, prilagojene va\u0161im \u017eeljam.Na\u0161e ture:Na\u0161e ture:Kultura in lokalna kulinarika Obisk tipi\u010dnih cerkni\u0161kih kmetij, kulinari\u010dni postanki in spoznavanje obi\u010dajev.Po poteh dedi\u0161\u010dine in [&hellip;]\" \/>\n<meta property=\"og:url\" content=\"https:\/\/www.wheelie-bikeadventures.com\/sl\/vodene-ture\/\" \/>\n<meta property=\"og:site_name\" content=\"Wheelie bike adventures\" \/>\n<meta property=\"article:publisher\" content=\"https:\/\/www.facebook.com\/profile.php?id=61573294106154\" \/>\n<meta property=\"article:modified_time\" content=\"2025-08-03T08:34:45+00:00\" \/>\n<meta name=\"twitter:card\" content=\"summary_large_image\" \/>\n<meta name=\"twitter:label1\" content=\"Est. reading time\" \/>\n\t<meta name=\"twitter:data1\" content=\"6 minut\" \/>\n<script type=\"application\/ld+json\" class=\"yoast-schema-graph\">{\"@context\":\"https:\/\/schema.org\",\"@graph\":[{\"@type\":\"WebPage\",\"@id\":\"https:\/\/www.wheelie-bikeadventures.com\/sl\/vodene-ture\/\",\"url\":\"https:\/\/www.wheelie-bikeadventures.com\/sl\/vodene-ture\/\",\"name\":\"Vodene ture - Wheelie bike adventures\",\"isPartOf\":{\"@id\":\"https:\/\/www.wheelie-bikeadventures.com\/sl\/#website\"},\"datePublished\":\"2025-06-20T13:17:21+00:00\",\"dateModified\":\"2025-08-03T08:34:45+00:00\",\"breadcrumb\":{\"@id\":\"https:\/\/www.wheelie-bikeadventures.com\/sl\/vodene-ture\/#breadcrumb\"},\"inLanguage\":\"sl-SI\",\"potentialAction\":[{\"@type\":\"ReadAction\",\"target\":[\"https:\/\/www.wheelie-bikeadventures.com\/sl\/vodene-ture\/\"]}]},{\"@type\":\"BreadcrumbList\",\"@id\":\"https:\/\/www.wheelie-bikeadventures.com\/sl\/vodene-ture\/#breadcrumb\",\"itemListElement\":[{\"@type\":\"ListItem\",\"position\":1,\"name\":\"Home\",\"item\":\"https:\/\/www.wheelie-bikeadventures.com\/sl\/domov\/\"},{\"@type\":\"ListItem\",\"position\":2,\"name\":\"Vodene ture\"}]},{\"@type\":\"WebSite\",\"@id\":\"https:\/\/www.wheelie-bikeadventures.com\/sl\/#website\",\"url\":\"https:\/\/www.wheelie-bikeadventures.com\/sl\/\",\"name\":\"Wheelie bike adventures\",\"description\":\"\",\"publisher\":{\"@id\":\"https:\/\/www.wheelie-bikeadventures.com\/sl\/#organization\"},\"alternateName\":\"wheelie\",\"potentialAction\":[{\"@type\":\"SearchAction\",\"target\":{\"@type\":\"EntryPoint\",\"urlTemplate\":\"https:\/\/www.wheelie-bikeadventures.com\/sl\/?s={search_term_string}\"},\"query-input\":{\"@type\":\"PropertyValueSpecification\",\"valueRequired\":true,\"valueName\":\"search_term_string\"}}],\"inLanguage\":\"sl-SI\"},{\"@type\":\"Organization\",\"@id\":\"https:\/\/www.wheelie-bikeadventures.com\/sl\/#organization\",\"name\":\"Wheelie bike adventures\",\"url\":\"https:\/\/www.wheelie-bikeadventures.com\/sl\/\",\"logo\":{\"@type\":\"ImageObject\",\"inLanguage\":\"sl-SI\",\"@id\":\"https:\/\/www.wheelie-bikeadventures.com\/sl\/#\/schema\/logo\/image\/\",\"url\":\"https:\/\/www.wheelie-bikeadventures.com\/wp-content\/uploads\/2025\/06\/WheelieBikeAdventures_logo_beige.png\",\"contentUrl\":\"https:\/\/www.wheelie-bikeadventures.com\/wp-content\/uploads\/2025\/06\/WheelieBikeAdventures_logo_beige.png\",\"width\":500,\"height\":219,\"caption\":\"Wheelie bike adventures\"},\"image\":{\"@id\":\"https:\/\/www.wheelie-bikeadventures.com\/sl\/#\/schema\/logo\/image\/\"},\"sameAs\":[\"https:\/\/www.facebook.com\/profile.php?id=61573294106154\",\"https:\/\/www.instagram.com\/wheelie_bikeadventures\/\",\"https:\/\/www.tiktok.com\/@wheelie.bike.adve\"]}]}<\/script>\n<!-- \/ Yoast SEO plugin. -->","yoast_head_json":{"title":"Vodene ture - Wheelie bike adventures","robots":{"index":"index","follow":"follow","max-snippet":"max-snippet:-1","max-image-preview":"max-image-preview:large","max-video-preview":"max-video-preview:-1"},"canonical":"https:\/\/www.wheelie-bikeadventures.com\/sl\/vodene-ture\/","og_locale":"sl_SI","og_type":"article","og_title":"Vodene ture - Wheelie bike adventures","og_description":"Na\u0161e vodene ture vklju\u010dujejo vrhunska e-gorska kolesa in so zasnovane v ravnovesju med naravo, kulturo in udobjem. Izberi svojo pustolov\u0161\u010dino glede na razpolo\u017eenje in telesno prirpavljenost.Na\u0161e vodene ture vklju\u010dujejo vrhunska e-MTB kolesa in izku\u0161ene vodnike, prilagojene va\u0161im \u017eeljam.Na\u0161e ture:Na\u0161e ture:Kultura in lokalna kulinarika Obisk tipi\u010dnih cerkni\u0161kih kmetij, kulinari\u010dni postanki in spoznavanje obi\u010dajev.Po poteh dedi\u0161\u010dine in [&hellip;]","og_url":"https:\/\/www.wheelie-bikeadventures.com\/sl\/vodene-ture\/","og_site_name":"Wheelie bike adventures","article_publisher":"https:\/\/www.facebook.com\/profile.php?id=61573294106154","article_modified_time":"2025-08-03T08:34:45+00:00","twitter_card":"summary_large_image","twitter_misc":{"Est. reading time":"6 minut"},"schema":{"@context":"https:\/\/schema.org","@graph":[{"@type":"WebPage","@id":"https:\/\/www.wheelie-bikeadventures.com\/sl\/vodene-ture\/","url":"https:\/\/www.wheelie-bikeadventures.com\/sl\/vodene-ture\/","name":"Vodene ture - Wheelie bike adventures","isPartOf":{"@id":"https:\/\/www.wheelie-bikeadventures.com\/sl\/#website"},"datePublished":"2025-06-20T13:17:21+00:00","dateModified":"2025-08-03T08:34:45+00:00","breadcrumb":{"@id":"https:\/\/www.wheelie-bikeadventures.com\/sl\/vodene-ture\/#breadcrumb"},"inLanguage":"sl-SI","potentialAction":[{"@type":"ReadAction","target":["https:\/\/www.wheelie-bikeadventures.com\/sl\/vodene-ture\/"]}]},{"@type":"BreadcrumbList","@id":"https:\/\/www.wheelie-bikeadventures.com\/sl\/vodene-ture\/#breadcrumb","itemListElement":[{"@type":"ListItem","position":1,"name":"Home","item":"https:\/\/www.wheelie-bikeadventures.com\/sl\/domov\/"},{"@type":"ListItem","position":2,"name":"Vodene ture"}]},{"@type":"WebSite","@id":"https:\/\/www.wheelie-bikeadventures.com\/sl\/#website","url":"https:\/\/www.wheelie-bikeadventures.com\/sl\/","name":"Wheelie bike adventures","description":"","publisher":{"@id":"https:\/\/www.wheelie-bikeadventures.com\/sl\/#organization"},"alternateName":"wheelie","potentialAction":[{"@type":"SearchAction","target":{"@type":"EntryPoint","urlTemplate":"https:\/\/www.wheelie-bikeadventures.com\/sl\/?s={search_term_string}"},"query-input":{"@type":"PropertyValueSpecification","valueRequired":true,"valueName":"search_term_string"}}],"inLanguage":"sl-SI"},{"@type":"Organization","@id":"https:\/\/www.wheelie-bikeadventures.com\/sl\/#organization","name":"Wheelie bike adventures","url":"https:\/\/www.wheelie-bikeadventures.com\/sl\/","logo":{"@type":"ImageObject","inLanguage":"sl-SI","@id":"https:\/\/www.wheelie-bikeadventures.com\/sl\/#\/schema\/logo\/image\/","url":"https:\/\/www.wheelie-bikeadventures.com\/wp-content\/uploads\/2025\/06\/WheelieBikeAdventures_logo_beige.png","contentUrl":"https:\/\/www.wheelie-bikeadventures.com\/wp-content\/uploads\/2025\/06\/WheelieBikeAdventures_logo_beige.png","width":500,"height":219,"caption":"Wheelie bike adventures"},"image":{"@id":"https:\/\/www.wheelie-bikeadventures.com\/sl\/#\/schema\/logo\/image\/"},"sameAs":["https:\/\/www.facebook.com\/profile.php?id=61573294106154","https:\/\/www.instagram.com\/wheelie_bikeadventures\/","https:\/\/www.tiktok.com\/@wheelie.bike.adve"]}]}},"_links":{"self":[{"href":"https:\/\/www.wheelie-bikeadventures.com\/sl\/wp-json\/wp\/v2\/pages\/567","targetHints":{"allow":["GET"]}}],"collection":[{"href":"https:\/\/www.wheelie-bikeadventures.com\/sl\/wp-json\/wp\/v2\/pages"}],"about":[{"href":"https:\/\/www.wheelie-bikeadventures.com\/sl\/wp-json\/wp\/v2\/types\/page"}],"author":[{"embeddable":true,"href":"https:\/\/www.wheelie-bikeadventures.com\/sl\/wp-json\/wp\/v2\/users\/2"}],"replies":[{"embeddable":true,"href":"https:\/\/www.wheelie-bikeadventures.com\/sl\/wp-json\/wp\/v2\/comments?post=567"}],"version-history":[{"count":59,"href":"https:\/\/www.wheelie-bikeadventures.com\/sl\/wp-json\/wp\/v2\/pages\/567\/revisions"}],"predecessor-version":[{"id":991,"href":"https:\/\/www.wheelie-bikeadventures.com\/sl\/wp-json\/wp\/v2\/pages\/567\/revisions\/991"}],"wp:attachment":[{"href":"https:\/\/www.wheelie-bikeadventures.com\/sl\/wp-json\/wp\/v2\/media?parent=567"}],"curies":[{"name":"wp","href":"https:\/\/api.w.org\/{rel}","templated":true}]}}